{"id":175,"date":"2016-02-14T15:02:34","date_gmt":"2016-02-14T15:02:34","guid":{"rendered":"http:\/\/demo.djmimi.net\/themes\/industry\/?page_id=175"},"modified":"2023-09-13T11:27:12","modified_gmt":"2023-09-13T09:27:12","slug":"about-us","status":"publish","type":"page","link":"https:\/\/www.hess-industriemontagen.de\/index.php\/about-us\/","title":{"rendered":"\u00dcber Uns"},"content":{"rendered":"<p>[vc_row][vc_column][vc_single_image image=&#8221;1161&#8243; img_size=&#8221;full&#8221;][\/vc_column][\/vc_row][vc_row][vc_column][vc_empty_space height=&#8221;50px&#8221;]<div class=\"ind-title-wrap\"><h5 style=\"\" class=\"ind-title\">He\u00df-Industriemontagen GmbH<\/h5><\/div>[vc_empty_space height=&#8221;15px&#8221;][vc_column_text]<\/p>\n<p style=\"text-align: justify;\">1993 gr\u00fcndete Klaus He\u00df die Firma He\u00df Industriemontagen GmbH mit Sitz in Kehl-Goldscheuer \u2013 die Wirkungsst\u00e4tte befand sich damals noch im Industriepark der ehemaligen BASF-Werke in Willst\u00e4tt. Angefangen mit vier Mitarbeitern, die Instandsetzungs- und Wartungsarbeiten sowie kleinere Fertigungsarbeiten durchf\u00fchrten, vergr\u00f6\u00dferte sich das Unternehmen im Laufe der Jahre sukzessive \u2013 sowohl im Aufgabenspektrum als auch in der Manpower.<\/p>\n<p style=\"text-align: justify;\">So kam 1998 eine zus\u00e4tzliche Produktionsst\u00e4tte im Gewerbegebiet Auenheim hinzu, wodurch auch der Kompetenzraum auf Stahlbauarbeiten sowie Apparatebau und Blechkonstruktionen erweitert wurde. Durch die hohe Nachfrage der qualitativ hochwertigen Produkte wurde in 2000 eine gr\u00f6\u00dfere Fertigungshalle bezogen. Sechs Jahre sp\u00e4ter erfolgte dann die komplette Betriebsverlagerung in die Otto-Hahn-Stra\u00dfe im Gewerbegebiet Auenheim. Die neue Fertigungshalle umfasste weitere 1.800 Quadratmeter sowie zwei Krananlagen mit 8 und 16 Tonnen Nutzlast. Der aktuelle Firmensitz vereint alle Expertisen unter einem Dach: von der Planung \u00fcber die Buchhaltung bis zur Produktion. Der stetige Unternehmenswachstum und das fachkundige, mittlerweile 20-k\u00f6pfige Team unterstreichen den Erfolg des Spezialisten f\u00fcr Industriemontage.<\/p>\n<p style=\"text-align: justify;\">Unsere Werte basieren auf Best\u00e4ndigkeit und Innovation im Sinne eines\u00a0 stabil verankerten Familienunternehmens. Und diese Tradition wird konsequent fortgesetzt: Seit 2022 f\u00fchrt Frau Anja He\u00df-Gro\u00dfe die Geschicke der Firma.<\/p>\n<p>[\/vc_column_text][\/vc_column][\/vc_row][vc_row][vc_column width=&#8221;1\/2&#8243;][vc_column_text][\/vc_column_text][\/vc_column][vc_column width=&#8221;1\/2&#8243;][\/vc_column][\/vc_row][vc_row][vc_column][vc_empty_space height=&#8221;50px&#8221;]<div class=\"ind-title-wrap\"><h4 style=\"\" class=\"ind-title\">Unser Team<\/h4><\/div>[vc_empty_space height=&#8221;40px&#8221;][\/vc_column][\/vc_row][vc_row][vc_column width=&#8221;1\/3&#8243;]<div class=\"ind-title-wrap\"><h5 style=\"\" class=\"ind-title\">He\u00df-Gro\u00dfe Anja<\/h5><\/div>[vc_column_text el_class=&#8221;ansprechpartner&#8221;]Gesch\u00e4ftsf\u00fchrerin\/ Buchhaltung<br \/>\n<i class=\"fa fa-phone\"><\/i> 07851- 89987-21<br \/>\n<i class=\"fa fa-envelope\"><\/i> <a href=\"mailto:hess-grosse@hess-industriemontagen.de\">hess-grosse@hess-industriemontagen.de<\/a>[\/vc_column_text][vc_empty_space height=&#8221;40px&#8221;][\/vc_column][vc_column width=&#8221;1\/3&#8243;]<div class=\"ind-title-wrap\"><h5 style=\"\" class=\"ind-title\">Baas J\u00fcrgen<\/h5><\/div>[vc_column_text el_class=&#8221;ansprechpartner&#8221;]Betriebsleiter \/ Projektplaner<br \/>\n<i class=\"fa fa-phone\"><\/i> 07851- 89987-31<br \/>\n<i class=\"fa fa-envelope\"><\/i> <a href=\"mailto:baas@hess-industriemontagen.de\">baas@hess-industriemontagen.de<\/a>[\/vc_column_text][vc_empty_space height=&#8221;40px&#8221;][\/vc_column][vc_column width=&#8221;1\/3&#8243;]<div class=\"ind-title-wrap\"><h5 style=\"\" class=\"ind-title\">Arbogast Dirk<\/h5><\/div>[vc_column_text el_class=&#8221;ansprechpartner&#8221;]Projektunterst\u00fctzung\/Meister<br \/>\n<i class=\"fa fa-phone\"><\/i> 07851- 89987-32\u00a0 oder 0176-19168447<br \/>\n<a href=\"mailto:baas@hess-industriemontagen.de\"><i class=\"fa fa-envelope\"><\/i>\u00a0arbogast<\/a><a href=\"mailto:baas@hess-industriemontagen.de\">@hess-industriemontagen.de<\/a>[\/vc_column_text][vc_empty_space height=&#8221;40px&#8221;][\/vc_column][\/vc_row][vc_row][vc_column width=&#8221;1\/3&#8243;]<div class=\"ind-title-wrap\"><h5 style=\"\" class=\"ind-title\">Narancic Marin <\/h5><\/div>[vc_column_text el_class=&#8221;ansprechpartner&#8221;]<br \/>\n<i class=\"fa fa-phone\"><\/i> 07851- 89987-35<br \/>\n<i class=\"fa fa-envelope\"><\/i> <a href=\"mailto:duffner@hess-industriemontagen.de\">narancic@hess-industriemontagen.de<\/a>[\/vc_column_text][vc_empty_space height=&#8221;40px&#8221;][\/vc_column][vc_column width=&#8221;1\/3&#8243;]<div class=\"ind-title-wrap\"><h5 style=\"\" class=\"ind-title\">M\u00fcller Daniela<\/h5><\/div>[vc_column_text el_class=&#8221;ansprechpartner&#8221;]Buchhaltung<br \/>\n<i class=\"fa fa-phone\"><\/i> 07851- 89987-22<br \/>\n<a href=\"mailto:mueller@hess-industriemontagen.de\"><i class=\"fa fa-envelope\"><\/i>\u00a0mueller<\/a><a href=\"mailto:duffner@hess-industriemontagen.de\">@hess-industriemontagen.de<\/a>[\/vc_column_text][vc_empty_space height=&#8221;40px&#8221;][\/vc_column][vc_column width=&#8221;1\/3&#8243;]<\/p>\n","protected":false},"excerpt":{"rendered":"<p>[vc_row][vc_column][vc_single_image image=&#8221;1161&#8243; img_size=&#8221;full&#8221;][\/vc_column][\/vc_row][vc_row][vc_column][vc_empty_space height=&#8221;50px&#8221;][vc_empty_space height=&#8221;15px&#8221;][vc_column_text] 1993 gr\u00fcndete Klaus He\u00df die Firma He\u00df Industriemontagen GmbH mit Sitz in Kehl-Goldscheuer \u2013 die Wirkungsst\u00e4tte befand sich damals noch im Industriepark der ehemaligen BASF-Werke in Willst\u00e4tt. Angefangen mit vier Mitarbeitern, die Instandsetzungs- und Wartungsarbeiten sowie kleinere Fertigungsarbeiten durchf\u00fchrten, vergr\u00f6\u00dferte sich das Unternehmen im Laufe der Jahre sukzessive \u2013 sowohl [&hellip;]<\/p>\n","protected":false},"author":1,"featured_media":0,"parent":0,"menu_order":0,"comment_status":"closed","ping_status":"closed","template":"page-tpl_full_width.php","meta":{"footnotes":""},"class_list":["post-175","page","type-page","status-publish","hentry"],"yoast_head":"<!-- This site is optimized with the Yoast SEO plugin v25.7 - https:\/\/yoast.com\/wordpress\/plugins\/seo\/ -->\n<title>\u00dcber Uns - He\u00df - Industriemontagen GmbH<\/title>\n<meta name=\"robots\" content=\"index, follow, max-snippet:-1, max-image-preview:large, max-video-preview:-1\" \/>\n<link rel=\"canonical\" href=\"https:\/\/www.hess-industriemontagen.de\/index.php\/about-us\/\" \/>\n<meta property=\"og:locale\" content=\"de_DE\" \/>\n<meta property=\"og:type\" content=\"article\" \/>\n<meta property=\"og:title\" content=\"\u00dcber Uns - He\u00df - Industriemontagen GmbH\" \/>\n<meta property=\"og:description\" content=\"[vc_row][vc_column][vc_single_image image=&#8221;1161&#8243; img_size=&#8221;full&#8221;][\/vc_column][\/vc_row][vc_row][vc_column][vc_empty_space height=&#8221;50px&#8221;][vc_empty_space height=&#8221;15px&#8221;][vc_column_text] 1993 gr\u00fcndete Klaus He\u00df die Firma He\u00df Industriemontagen GmbH mit Sitz in Kehl-Goldscheuer \u2013 die Wirkungsst\u00e4tte befand sich damals noch im Industriepark der ehemaligen BASF-Werke in Willst\u00e4tt. Angefangen mit vier Mitarbeitern, die Instandsetzungs- und Wartungsarbeiten sowie kleinere Fertigungsarbeiten durchf\u00fchrten, vergr\u00f6\u00dferte sich das Unternehmen im Laufe der Jahre sukzessive \u2013 sowohl [&hellip;]\" \/>\n<meta property=\"og:url\" content=\"https:\/\/www.hess-industriemontagen.de\/index.php\/about-us\/\" \/>\n<meta property=\"og:site_name\" content=\"He\u00df - Industriemontagen GmbH\" \/>\n<meta property=\"article:modified_time\" content=\"2023-09-13T09:27:12+00:00\" \/>\n<meta name=\"twitter:card\" content=\"summary_large_image\" \/>\n<meta name=\"twitter:label1\" content=\"Gesch\u00e4tzte Lesezeit\" \/>\n\t<meta name=\"twitter:data1\" content=\"2\u00a0Minuten\" \/>\n<script type=\"application\/ld+json\" class=\"yoast-schema-graph\">{\"@context\":\"https:\/\/schema.org\",\"@graph\":[{\"@type\":\"WebPage\",\"@id\":\"https:\/\/www.hess-industriemontagen.de\/index.php\/about-us\/\",\"url\":\"https:\/\/www.hess-industriemontagen.de\/index.php\/about-us\/\",\"name\":\"\u00dcber Uns - He\u00df - Industriemontagen GmbH\",\"isPartOf\":{\"@id\":\"https:\/\/www.hess-industriemontagen.de\/#website\"},\"datePublished\":\"2016-02-14T15:02:34+00:00\",\"dateModified\":\"2023-09-13T09:27:12+00:00\",\"breadcrumb\":{\"@id\":\"https:\/\/www.hess-industriemontagen.de\/index.php\/about-us\/#breadcrumb\"},\"inLanguage\":\"de\",\"potentialAction\":[{\"@type\":\"ReadAction\",\"target\":[\"https:\/\/www.hess-industriemontagen.de\/index.php\/about-us\/\"]}]},{\"@type\":\"BreadcrumbList\",\"@id\":\"https:\/\/www.hess-industriemontagen.de\/index.php\/about-us\/#breadcrumb\",\"itemListElement\":[{\"@type\":\"ListItem\",\"position\":1,\"name\":\"Startseite\",\"item\":\"https:\/\/www.hess-industriemontagen.de\/\"},{\"@type\":\"ListItem\",\"position\":2,\"name\":\"\u00dcber Uns\"}]},{\"@type\":\"WebSite\",\"@id\":\"https:\/\/www.hess-industriemontagen.de\/#website\",\"url\":\"https:\/\/www.hess-industriemontagen.de\/\",\"name\":\"He\u00df - Industriemontagen GmbH\",\"description\":\"\",\"publisher\":{\"@id\":\"https:\/\/www.hess-industriemontagen.de\/#organization\"},\"potentialAction\":[{\"@type\":\"SearchAction\",\"target\":{\"@type\":\"EntryPoint\",\"urlTemplate\":\"https:\/\/www.hess-industriemontagen.de\/?s={search_term_string}\"},\"query-input\":{\"@type\":\"PropertyValueSpecification\",\"valueRequired\":true,\"valueName\":\"search_term_string\"}}],\"inLanguage\":\"de\"},{\"@type\":\"Organization\",\"@id\":\"https:\/\/www.hess-industriemontagen.de\/#organization\",\"name\":\"He\u00df Industriemontagen GmbH\",\"url\":\"https:\/\/www.hess-industriemontagen.de\/\",\"logo\":{\"@type\":\"ImageObject\",\"inLanguage\":\"de\",\"@id\":\"https:\/\/www.hess-industriemontagen.de\/#\/schema\/logo\/image\/\",\"url\":\"https:\/\/www.hess-industriemontagen.de\/wp-content\/uploads\/2016\/04\/logo125-1.png\",\"contentUrl\":\"https:\/\/www.hess-industriemontagen.de\/wp-content\/uploads\/2016\/04\/logo125-1.png\",\"width\":147,\"height\":125,\"caption\":\"He\u00df Industriemontagen GmbH\"},\"image\":{\"@id\":\"https:\/\/www.hess-industriemontagen.de\/#\/schema\/logo\/image\/\"}}]}<\/script>\n<!-- \/ Yoast SEO plugin. -->","yoast_head_json":{"title":"\u00dcber Uns - He\u00df - Industriemontagen GmbH","robots":{"index":"index","follow":"follow","max-snippet":"max-snippet:-1","max-image-preview":"max-image-preview:large","max-video-preview":"max-video-preview:-1"},"canonical":"https:\/\/www.hess-industriemontagen.de\/index.php\/about-us\/","og_locale":"de_DE","og_type":"article","og_title":"\u00dcber Uns - He\u00df - Industriemontagen GmbH","og_description":"[vc_row][vc_column][vc_single_image image=&#8221;1161&#8243; img_size=&#8221;full&#8221;][\/vc_column][\/vc_row][vc_row][vc_column][vc_empty_space height=&#8221;50px&#8221;][vc_empty_space height=&#8221;15px&#8221;][vc_column_text] 1993 gr\u00fcndete Klaus He\u00df die Firma He\u00df Industriemontagen GmbH mit Sitz in Kehl-Goldscheuer \u2013 die Wirkungsst\u00e4tte befand sich damals noch im Industriepark der ehemaligen BASF-Werke in Willst\u00e4tt. Angefangen mit vier Mitarbeitern, die Instandsetzungs- und Wartungsarbeiten sowie kleinere Fertigungsarbeiten durchf\u00fchrten, vergr\u00f6\u00dferte sich das Unternehmen im Laufe der Jahre sukzessive \u2013 sowohl [&hellip;]","og_url":"https:\/\/www.hess-industriemontagen.de\/index.php\/about-us\/","og_site_name":"He\u00df - Industriemontagen GmbH","article_modified_time":"2023-09-13T09:27:12+00:00","twitter_card":"summary_large_image","twitter_misc":{"Gesch\u00e4tzte Lesezeit":"2\u00a0Minuten"},"schema":{"@context":"https:\/\/schema.org","@graph":[{"@type":"WebPage","@id":"https:\/\/www.hess-industriemontagen.de\/index.php\/about-us\/","url":"https:\/\/www.hess-industriemontagen.de\/index.php\/about-us\/","name":"\u00dcber Uns - He\u00df - Industriemontagen GmbH","isPartOf":{"@id":"https:\/\/www.hess-industriemontagen.de\/#website"},"datePublished":"2016-02-14T15:02:34+00:00","dateModified":"2023-09-13T09:27:12+00:00","breadcrumb":{"@id":"https:\/\/www.hess-industriemontagen.de\/index.php\/about-us\/#breadcrumb"},"inLanguage":"de","potentialAction":[{"@type":"ReadAction","target":["https:\/\/www.hess-industriemontagen.de\/index.php\/about-us\/"]}]},{"@type":"BreadcrumbList","@id":"https:\/\/www.hess-industriemontagen.de\/index.php\/about-us\/#breadcrumb","itemListElement":[{"@type":"ListItem","position":1,"name":"Startseite","item":"https:\/\/www.hess-industriemontagen.de\/"},{"@type":"ListItem","position":2,"name":"\u00dcber Uns"}]},{"@type":"WebSite","@id":"https:\/\/www.hess-industriemontagen.de\/#website","url":"https:\/\/www.hess-industriemontagen.de\/","name":"He\u00df - Industriemontagen GmbH","description":"","publisher":{"@id":"https:\/\/www.hess-industriemontagen.de\/#organization"},"potentialAction":[{"@type":"SearchAction","target":{"@type":"EntryPoint","urlTemplate":"https:\/\/www.hess-industriemontagen.de\/?s={search_term_string}"},"query-input":{"@type":"PropertyValueSpecification","valueRequired":true,"valueName":"search_term_string"}}],"inLanguage":"de"},{"@type":"Organization","@id":"https:\/\/www.hess-industriemontagen.de\/#organization","name":"He\u00df Industriemontagen GmbH","url":"https:\/\/www.hess-industriemontagen.de\/","logo":{"@type":"ImageObject","inLanguage":"de","@id":"https:\/\/www.hess-industriemontagen.de\/#\/schema\/logo\/image\/","url":"https:\/\/www.hess-industriemontagen.de\/wp-content\/uploads\/2016\/04\/logo125-1.png","contentUrl":"https:\/\/www.hess-industriemontagen.de\/wp-content\/uploads\/2016\/04\/logo125-1.png","width":147,"height":125,"caption":"He\u00df Industriemontagen GmbH"},"image":{"@id":"https:\/\/www.hess-industriemontagen.de\/#\/schema\/logo\/image\/"}}]}},"_links":{"self":[{"href":"https:\/\/www.hess-industriemontagen.de\/index.php\/wp-json\/wp\/v2\/pages\/175","targetHints":{"allow":["GET"]}}],"collection":[{"href":"https:\/\/www.hess-industriemontagen.de\/index.php\/wp-json\/wp\/v2\/pages"}],"about":[{"href":"https:\/\/www.hess-industriemontagen.de\/index.php\/wp-json\/wp\/v2\/types\/page"}],"author":[{"embeddable":true,"href":"https:\/\/www.hess-industriemontagen.de\/index.php\/wp-json\/wp\/v2\/users\/1"}],"replies":[{"embeddable":true,"href":"https:\/\/www.hess-industriemontagen.de\/index.php\/wp-json\/wp\/v2\/comments?post=175"}],"version-history":[{"count":50,"href":"https:\/\/www.hess-industriemontagen.de\/index.php\/wp-json\/wp\/v2\/pages\/175\/revisions"}],"predecessor-version":[{"id":1474,"href":"https:\/\/www.hess-industriemontagen.de\/index.php\/wp-json\/wp\/v2\/pages\/175\/revisions\/1474"}],"wp:attachment":[{"href":"https:\/\/www.hess-industriemontagen.de\/index.php\/wp-json\/wp\/v2\/media?parent=175"}],"curies":[{"name":"wp","href":"https:\/\/api.w.org\/{rel}","templated":true}]}}