{"id":27,"date":"2016-02-13T14:12:59","date_gmt":"2016-02-13T14:12:59","guid":{"rendered":"http:\/\/demo.djmimi.net\/themes\/industry\/?page_id=27"},"modified":"2017-11-21T12:54:42","modified_gmt":"2017-11-21T11:54:42","slug":"alternative-energy","status":"publish","type":"page","link":"https:\/\/www.hess-industriemontagen.de\/index.php\/our-target\/alternative-energy\/","title":{"rendered":"Rohrleitungsbau"},"content":{"rendered":"<p>[vc_row][vc_column][vc_single_image image=&#8221;1139&#8243; img_size=&#8221;full&#8221;][\/vc_column][\/vc_row][vc_row css=&#8221;.vc_custom_1455449271627{margin-top: 30px !important;}&#8221;][vc_column][vc_column_text]<\/p>\n<p style=\"text-align: justify;\">Im Bereich Rohrleitungsbau bieten wir Ihnen Leistungen rund um Neuanlagen, Reparaturarbeiten und Instandhaltung: Ob Montage von Rohrleistungssystemen und einzelnen Komponenten oder Montage kompletter Anlagen \u2013 unsere hohen Qualit\u00e4tsstandards erm\u00f6glichen uns die exakte Einhaltung unserer gemeinsam erarbeiteten Zeit- und Kostenpl\u00e4ne. Neben unserem umfassenden Service aus einer Hand profitieren Sie von unserem langj\u00e4hrigen Know-how in Bezug auf Rohrleitungssysteme.<\/p>\n<p style=\"text-align: justify;\">Wir fertigen und montieren Rohrleitungen f\u00fcr die Industrie und Kraftwerke. Unser Lieferspektrum reicht dabei von Kleinverrohrungen bis hin zur kompletten Anlagenverrohrung. Au\u00dferdem f\u00fchren wir alle Wartungs-, Instandhaltungs- und Instandsetzungsarbeiten f\u00fcr chemische, pharmazeutische, petrochemische Anlagen und Kraftwerke.<\/p>\n<p style=\"text-align: justify;\"><strong>Unsere Leistungen im Bereich Montage:<\/strong><\/p>\n<ul style=\"text-align: justify;\">\n<li>Rohrleitungsmontage<\/li>\n<li>Komplette Anlagenverrohrung<\/li>\n<li>Dampf- und Kondensat-Systeme<\/li>\n<li>Halterungs- und Traversenbau<\/li>\n<li>Rohrleitungsbau f\u00fcr die Lebensmittel- und Pharmaindustrie<\/li>\n<\/ul>\n<p style=\"text-align: justify;\">Au\u00dferdem erstellen wir\u00a0 Rohrleitungsbeschriftungen: daf\u00fcr fertigen wir Klebeschilder \u2013 ganz nach Ihrem Wunsch \u2013 in verschiedenen Ma\u00dfen, Breiten und Farben an.<\/p>\n<p>[\/vc_column_text][\/vc_column][\/vc_row][vc_row][vc_column][vc_empty_space height=&#8221;25px&#8221;][\/vc_column][\/vc_row][vc_row][vc_column][vc_column_text]<\/p>\n<style type=\"text\/css\">\n\t#foogallery-gallery-1267 .fg-image {\n        width: 150px;\n    }\n<\/style>\n\t\t\t\t<div class=\"foogallery foogallery-container foogallery-default foogallery-lightbox-dfactory fg-gutter-5 fg-center fg-default fg-dark fg-border-thin fg-shadow-outline fg-loading-bars fg-loaded-fade-in fg-caption-hover fg-hover-fade fg-hover-zoom fg-ready\" id=\"foogallery-gallery-1267\" data-foogallery=\"{&quot;item&quot;:{&quot;showCaptionTitle&quot;:true,&quot;showCaptionDescription&quot;:true},&quot;lazy&quot;:true}\" >\n\t<div class=\"fg-item fg-type-image fg-idle\"><figure class=\"fg-item-inner\"><a href=\"https:\/\/www.hess-industriemontagen.de\/wp-content\/uploads\/admin-ajax-1-1.jpg\" data-attachment-id=\"1098\" data-rel=\"lightbox-image-bGlnaHRib3g=\" data-rl_title=\"\" data-rl_caption=\"\" data-type=\"image\" class=\"fg-thumb\" title=\"\"><span class=\"fg-image-wrap\"><img decoding=\"async\" width=\"150\" height=\"150\" class=\"skip-lazy fg-image\" data-src-fg=\"https:\/\/www.hess-industriemontagen.de\/wp-content\/uploads\/cache\/admin-ajax-1-1\/408001684.jpg\" src=\"data:image\/svg+xml,%3Csvg%20xmlns%3D%22http%3A%2F%2Fwww.w3.org%2F2000%2Fsvg%22%20width%3D%22150%22%20height%3D%22150%22%20viewBox%3D%220%200%20150%20150%22%3E%3C%2Fsvg%3E\" loading=\"eager\"><\/span><span class=\"fg-image-overlay\"><\/span><\/a><figcaption class=\"fg-caption\"><div class=\"fg-caption-inner\"><\/div><\/figcaption><\/figure><div class=\"fg-loader\"><\/div><\/div><div class=\"fg-item fg-type-image fg-idle\"><figure class=\"fg-item-inner\"><a href=\"https:\/\/www.hess-industriemontagen.de\/wp-content\/uploads\/Fotolia_56127388_XS.jpg\" data-attachment-id=\"983\" data-rel=\"lightbox-image-bGlnaHRib3g=\" data-rl_title=\"\" data-rl_caption=\"\" data-type=\"image\" class=\"fg-thumb\" title=\"\"><span class=\"fg-image-wrap\"><img decoding=\"async\" width=\"150\" height=\"150\" class=\"skip-lazy fg-image\" data-src-fg=\"https:\/\/www.hess-industriemontagen.de\/wp-content\/uploads\/cache\/Fotolia_56127388_XS\/3110457275.jpg\" src=\"data:image\/svg+xml,%3Csvg%20xmlns%3D%22http%3A%2F%2Fwww.w3.org%2F2000%2Fsvg%22%20width%3D%22150%22%20height%3D%22150%22%20viewBox%3D%220%200%20150%20150%22%3E%3C%2Fsvg%3E\" loading=\"eager\"><\/span><span class=\"fg-image-overlay\"><\/span><\/a><figcaption class=\"fg-caption\"><div class=\"fg-caption-inner\"><\/div><\/figcaption><\/figure><div class=\"fg-loader\"><\/div><\/div><div class=\"fg-item fg-type-image fg-idle\"><figure class=\"fg-item-inner\"><a href=\"https:\/\/www.hess-industriemontagen.de\/wp-content\/uploads\/Fotolia_95200730_S.jpg\" data-attachment-id=\"984\" data-rel=\"lightbox-image-bGlnaHRib3g=\" data-rl_title=\"\" data-rl_caption=\"\" data-type=\"image\" class=\"fg-thumb\" title=\"\"><span class=\"fg-image-wrap\"><img decoding=\"async\" width=\"150\" height=\"150\" class=\"skip-lazy fg-image\" data-src-fg=\"https:\/\/www.hess-industriemontagen.de\/wp-content\/uploads\/cache\/Fotolia_95200730_S\/2655634014.jpg\" src=\"data:image\/svg+xml,%3Csvg%20xmlns%3D%22http%3A%2F%2Fwww.w3.org%2F2000%2Fsvg%22%20width%3D%22150%22%20height%3D%22150%22%20viewBox%3D%220%200%20150%20150%22%3E%3C%2Fsvg%3E\" loading=\"eager\"><\/span><span class=\"fg-image-overlay\"><\/span><\/a><figcaption class=\"fg-caption\"><div class=\"fg-caption-inner\"><\/div><\/figcaption><\/figure><div class=\"fg-loader\"><\/div><\/div><div class=\"fg-item fg-type-image fg-idle\"><figure class=\"fg-item-inner\"><a href=\"https:\/\/www.hess-industriemontagen.de\/wp-content\/uploads\/Rohrleitungen-Lupranat-015.jpg\" data-attachment-id=\"914\" data-rel=\"lightbox-image-bGlnaHRib3g=\" data-rl_title=\"\" data-rl_caption=\"\" data-type=\"image\" class=\"fg-thumb\" title=\"\"><span class=\"fg-image-wrap\"><img decoding=\"async\" width=\"150\" height=\"150\" class=\"skip-lazy fg-image\" data-src-fg=\"https:\/\/www.hess-industriemontagen.de\/wp-content\/uploads\/cache\/Rohrleitungen-Lupranat-015\/2751925217.jpg\" src=\"data:image\/svg+xml,%3Csvg%20xmlns%3D%22http%3A%2F%2Fwww.w3.org%2F2000%2Fsvg%22%20width%3D%22150%22%20height%3D%22150%22%20viewBox%3D%220%200%20150%20150%22%3E%3C%2Fsvg%3E\" loading=\"eager\"><\/span><span class=\"fg-image-overlay\"><\/span><\/a><figcaption class=\"fg-caption\"><div class=\"fg-caption-inner\"><\/div><\/figcaption><\/figure><div class=\"fg-loader\"><\/div><\/div><div class=\"fg-item fg-type-image fg-idle\"><figure class=\"fg-item-inner\"><a href=\"https:\/\/www.hess-industriemontagen.de\/wp-content\/uploads\/Rohrleitungen-Lupranat-013.jpg\" data-attachment-id=\"913\" data-rel=\"lightbox-image-bGlnaHRib3g=\" data-rl_title=\"\" data-rl_caption=\"\" data-type=\"image\" class=\"fg-thumb\" title=\"\"><span class=\"fg-image-wrap\"><img decoding=\"async\" width=\"150\" height=\"150\" class=\"skip-lazy fg-image\" data-src-fg=\"https:\/\/www.hess-industriemontagen.de\/wp-content\/uploads\/cache\/Rohrleitungen-Lupranat-013\/3326390078.jpg\" src=\"data:image\/svg+xml,%3Csvg%20xmlns%3D%22http%3A%2F%2Fwww.w3.org%2F2000%2Fsvg%22%20width%3D%22150%22%20height%3D%22150%22%20viewBox%3D%220%200%20150%20150%22%3E%3C%2Fsvg%3E\" loading=\"eager\"><\/span><span class=\"fg-image-overlay\"><\/span><\/a><figcaption class=\"fg-caption\"><div class=\"fg-caption-inner\"><\/div><\/figcaption><\/figure><div class=\"fg-loader\"><\/div><\/div><div class=\"fg-item fg-type-image fg-idle\"><figure class=\"fg-item-inner\"><a href=\"https:\/\/www.hess-industriemontagen.de\/wp-content\/uploads\/Rohrleitungen-Lupranat-008.jpg\" data-attachment-id=\"912\" data-rel=\"lightbox-image-bGlnaHRib3g=\" data-rl_title=\"\" data-rl_caption=\"\" data-type=\"image\" class=\"fg-thumb\" title=\"\"><span class=\"fg-image-wrap\"><img decoding=\"async\" width=\"150\" height=\"150\" class=\"skip-lazy fg-image\" data-src-fg=\"https:\/\/www.hess-industriemontagen.de\/wp-content\/uploads\/cache\/Rohrleitungen-Lupranat-008\/2041654190.jpg\" src=\"data:image\/svg+xml,%3Csvg%20xmlns%3D%22http%3A%2F%2Fwww.w3.org%2F2000%2Fsvg%22%20width%3D%22150%22%20height%3D%22150%22%20viewBox%3D%220%200%20150%20150%22%3E%3C%2Fsvg%3E\" loading=\"eager\"><\/span><span class=\"fg-image-overlay\"><\/span><\/a><figcaption class=\"fg-caption\"><div class=\"fg-caption-inner\"><\/div><\/figcaption><\/figure><div class=\"fg-loader\"><\/div><\/div><div class=\"fg-item fg-type-image fg-idle\"><figure class=\"fg-item-inner\"><a href=\"https:\/\/www.hess-industriemontagen.de\/wp-content\/uploads\/IMG_0255.jpg\" data-attachment-id=\"908\" data-rel=\"lightbox-image-bGlnaHRib3g=\" data-rl_title=\"\" data-rl_caption=\"\" data-type=\"image\" class=\"fg-thumb\" title=\"\"><span class=\"fg-image-wrap\"><img decoding=\"async\" width=\"150\" height=\"150\" class=\"skip-lazy fg-image\" data-src-fg=\"https:\/\/www.hess-industriemontagen.de\/wp-content\/uploads\/cache\/IMG_0255\/1444600389.jpg\" src=\"data:image\/svg+xml,%3Csvg%20xmlns%3D%22http%3A%2F%2Fwww.w3.org%2F2000%2Fsvg%22%20width%3D%22150%22%20height%3D%22150%22%20viewBox%3D%220%200%20150%20150%22%3E%3C%2Fsvg%3E\" loading=\"eager\"><\/span><span class=\"fg-image-overlay\"><\/span><\/a><figcaption class=\"fg-caption\"><div class=\"fg-caption-inner\"><\/div><\/figcaption><\/figure><div class=\"fg-loader\"><\/div><\/div><\/div>\n\n<p>[\/vc_column_text][\/vc_column][\/vc_row]<\/p>\n","protected":false},"excerpt":{"rendered":"<p>[vc_row][vc_column][vc_single_image image=&#8221;1139&#8243; img_size=&#8221;full&#8221;][\/vc_column][\/vc_row][vc_row css=&#8221;.vc_custom_1455449271627{margin-top: 30px !important;}&#8221;][vc_column][vc_column_text] Im Bereich Rohrleitungsbau bieten wir Ihnen Leistungen rund um Neuanlagen, Reparaturarbeiten und Instandhaltung: Ob Montage von Rohrleistungssystemen und einzelnen Komponenten oder Montage kompletter Anlagen \u2013 unsere hohen Qualit\u00e4tsstandards erm\u00f6glichen uns die exakte Einhaltung unserer gemeinsam erarbeiteten Zeit- und Kostenpl\u00e4ne. Neben unserem umfassenden Service aus einer Hand profitieren Sie von [&hellip;]<\/p>\n","protected":false},"author":1,"featured_media":983,"parent":19,"menu_order":0,"comment_status":"closed","ping_status":"closed","template":"page-tpl_left_sidebar.php","meta":{"footnotes":""},"class_list":["post-27","page","type-page","status-publish","has-post-thumbnail","hentry"],"yoast_head":"<!-- This site is optimized with the Yoast SEO plugin v25.7 - https:\/\/yoast.com\/wordpress\/plugins\/seo\/ -->\n<title>Rohrleitungsbau - He\u00df - Industriemontagen GmbH<\/title>\n<meta name=\"robots\" content=\"index, follow, max-snippet:-1, max-image-preview:large, max-video-preview:-1\" \/>\n<link rel=\"canonical\" href=\"https:\/\/www.hess-industriemontagen.de\/index.php\/our-target\/alternative-energy\/\" \/>\n<meta property=\"og:locale\" content=\"de_DE\" \/>\n<meta property=\"og:type\" content=\"article\" \/>\n<meta property=\"og:title\" content=\"Rohrleitungsbau - He\u00df - Industriemontagen GmbH\" \/>\n<meta property=\"og:description\" content=\"[vc_row][vc_column][vc_single_image image=&#8221;1139&#8243; img_size=&#8221;full&#8221;][\/vc_column][\/vc_row][vc_row css=&#8221;.vc_custom_1455449271627{margin-top: 30px !important;}&#8221;][vc_column][vc_column_text] Im Bereich Rohrleitungsbau bieten wir Ihnen Leistungen rund um Neuanlagen, Reparaturarbeiten und Instandhaltung: Ob Montage von Rohrleistungssystemen und einzelnen Komponenten oder Montage kompletter Anlagen \u2013 unsere hohen Qualit\u00e4tsstandards erm\u00f6glichen uns die exakte Einhaltung unserer gemeinsam erarbeiteten Zeit- und Kostenpl\u00e4ne. Neben unserem umfassenden Service aus einer Hand profitieren Sie von [&hellip;]\" \/>\n<meta property=\"og:url\" content=\"https:\/\/www.hess-industriemontagen.de\/index.php\/our-target\/alternative-energy\/\" \/>\n<meta property=\"og:site_name\" content=\"He\u00df - Industriemontagen GmbH\" \/>\n<meta property=\"article:modified_time\" content=\"2017-11-21T11:54:42+00:00\" \/>\n<meta property=\"og:image\" content=\"https:\/\/www.hess-industriemontagen.de\/wp-content\/uploads\/Fotolia_56127388_XS.jpg\" \/>\n\t<meta property=\"og:image:width\" content=\"425\" \/>\n\t<meta property=\"og:image:height\" content=\"282\" \/>\n\t<meta property=\"og:image:type\" content=\"image\/jpeg\" \/>\n<meta name=\"twitter:card\" content=\"summary_large_image\" \/>\n<meta name=\"twitter:label1\" content=\"Gesch\u00e4tzte Lesezeit\" \/>\n\t<meta name=\"twitter:data1\" content=\"1\u00a0Minute\" \/>\n<script type=\"application\/ld+json\" class=\"yoast-schema-graph\">{\"@context\":\"https:\/\/schema.org\",\"@graph\":[{\"@type\":\"WebPage\",\"@id\":\"https:\/\/www.hess-industriemontagen.de\/index.php\/our-target\/alternative-energy\/\",\"url\":\"https:\/\/www.hess-industriemontagen.de\/index.php\/our-target\/alternative-energy\/\",\"name\":\"Rohrleitungsbau - He\u00df - Industriemontagen GmbH\",\"isPartOf\":{\"@id\":\"https:\/\/www.hess-industriemontagen.de\/#website\"},\"primaryImageOfPage\":{\"@id\":\"https:\/\/www.hess-industriemontagen.de\/index.php\/our-target\/alternative-energy\/#primaryimage\"},\"image\":{\"@id\":\"https:\/\/www.hess-industriemontagen.de\/index.php\/our-target\/alternative-energy\/#primaryimage\"},\"thumbnailUrl\":\"https:\/\/www.hess-industriemontagen.de\/wp-content\/uploads\/Fotolia_56127388_XS.jpg\",\"datePublished\":\"2016-02-13T14:12:59+00:00\",\"dateModified\":\"2017-11-21T11:54:42+00:00\",\"breadcrumb\":{\"@id\":\"https:\/\/www.hess-industriemontagen.de\/index.php\/our-target\/alternative-energy\/#breadcrumb\"},\"inLanguage\":\"de\",\"potentialAction\":[{\"@type\":\"ReadAction\",\"target\":[\"https:\/\/www.hess-industriemontagen.de\/index.php\/our-target\/alternative-energy\/\"]}]},{\"@type\":\"ImageObject\",\"inLanguage\":\"de\",\"@id\":\"https:\/\/www.hess-industriemontagen.de\/index.php\/our-target\/alternative-energy\/#primaryimage\",\"url\":\"https:\/\/www.hess-industriemontagen.de\/wp-content\/uploads\/Fotolia_56127388_XS.jpg\",\"contentUrl\":\"https:\/\/www.hess-industriemontagen.de\/wp-content\/uploads\/Fotolia_56127388_XS.jpg\",\"width\":425,\"height\":282},{\"@type\":\"BreadcrumbList\",\"@id\":\"https:\/\/www.hess-industriemontagen.de\/index.php\/our-target\/alternative-energy\/#breadcrumb\",\"itemListElement\":[{\"@type\":\"ListItem\",\"position\":1,\"name\":\"Startseite\",\"item\":\"https:\/\/www.hess-industriemontagen.de\/\"},{\"@type\":\"ListItem\",\"position\":2,\"name\":\"Leistungen\",\"item\":\"https:\/\/www.hess-industriemontagen.de\/index.php\/our-target\/\"},{\"@type\":\"ListItem\",\"position\":3,\"name\":\"Rohrleitungsbau\"}]},{\"@type\":\"WebSite\",\"@id\":\"https:\/\/www.hess-industriemontagen.de\/#website\",\"url\":\"https:\/\/www.hess-industriemontagen.de\/\",\"name\":\"He\u00df - Industriemontagen GmbH\",\"description\":\"\",\"publisher\":{\"@id\":\"https:\/\/www.hess-industriemontagen.de\/#organization\"},\"potentialAction\":[{\"@type\":\"SearchAction\",\"target\":{\"@type\":\"EntryPoint\",\"urlTemplate\":\"https:\/\/www.hess-industriemontagen.de\/?s={search_term_string}\"},\"query-input\":{\"@type\":\"PropertyValueSpecification\",\"valueRequired\":true,\"valueName\":\"search_term_string\"}}],\"inLanguage\":\"de\"},{\"@type\":\"Organization\",\"@id\":\"https:\/\/www.hess-industriemontagen.de\/#organization\",\"name\":\"He\u00df Industriemontagen GmbH\",\"url\":\"https:\/\/www.hess-industriemontagen.de\/\",\"logo\":{\"@type\":\"ImageObject\",\"inLanguage\":\"de\",\"@id\":\"https:\/\/www.hess-industriemontagen.de\/#\/schema\/logo\/image\/\",\"url\":\"https:\/\/www.hess-industriemontagen.de\/wp-content\/uploads\/2016\/04\/logo125-1.png\",\"contentUrl\":\"https:\/\/www.hess-industriemontagen.de\/wp-content\/uploads\/2016\/04\/logo125-1.png\",\"width\":147,\"height\":125,\"caption\":\"He\u00df Industriemontagen GmbH\"},\"image\":{\"@id\":\"https:\/\/www.hess-industriemontagen.de\/#\/schema\/logo\/image\/\"}}]}<\/script>\n<!-- \/ Yoast SEO plugin. -->","yoast_head_json":{"title":"Rohrleitungsbau - He\u00df - Industriemontagen GmbH","robots":{"index":"index","follow":"follow","max-snippet":"max-snippet:-1","max-image-preview":"max-image-preview:large","max-video-preview":"max-video-preview:-1"},"canonical":"https:\/\/www.hess-industriemontagen.de\/index.php\/our-target\/alternative-energy\/","og_locale":"de_DE","og_type":"article","og_title":"Rohrleitungsbau - He\u00df - Industriemontagen GmbH","og_description":"[vc_row][vc_column][vc_single_image image=&#8221;1139&#8243; img_size=&#8221;full&#8221;][\/vc_column][\/vc_row][vc_row css=&#8221;.vc_custom_1455449271627{margin-top: 30px !important;}&#8221;][vc_column][vc_column_text] Im Bereich Rohrleitungsbau bieten wir Ihnen Leistungen rund um Neuanlagen, Reparaturarbeiten und Instandhaltung: Ob Montage von Rohrleistungssystemen und einzelnen Komponenten oder Montage kompletter Anlagen \u2013 unsere hohen Qualit\u00e4tsstandards erm\u00f6glichen uns die exakte Einhaltung unserer gemeinsam erarbeiteten Zeit- und Kostenpl\u00e4ne. Neben unserem umfassenden Service aus einer Hand profitieren Sie von [&hellip;]","og_url":"https:\/\/www.hess-industriemontagen.de\/index.php\/our-target\/alternative-energy\/","og_site_name":"He\u00df - Industriemontagen GmbH","article_modified_time":"2017-11-21T11:54:42+00:00","og_image":[{"width":425,"height":282,"url":"https:\/\/www.hess-industriemontagen.de\/wp-content\/uploads\/Fotolia_56127388_XS.jpg","type":"image\/jpeg"}],"twitter_card":"summary_large_image","twitter_misc":{"Gesch\u00e4tzte Lesezeit":"1\u00a0Minute"},"schema":{"@context":"https:\/\/schema.org","@graph":[{"@type":"WebPage","@id":"https:\/\/www.hess-industriemontagen.de\/index.php\/our-target\/alternative-energy\/","url":"https:\/\/www.hess-industriemontagen.de\/index.php\/our-target\/alternative-energy\/","name":"Rohrleitungsbau - He\u00df - Industriemontagen GmbH","isPartOf":{"@id":"https:\/\/www.hess-industriemontagen.de\/#website"},"primaryImageOfPage":{"@id":"https:\/\/www.hess-industriemontagen.de\/index.php\/our-target\/alternative-energy\/#primaryimage"},"image":{"@id":"https:\/\/www.hess-industriemontagen.de\/index.php\/our-target\/alternative-energy\/#primaryimage"},"thumbnailUrl":"https:\/\/www.hess-industriemontagen.de\/wp-content\/uploads\/Fotolia_56127388_XS.jpg","datePublished":"2016-02-13T14:12:59+00:00","dateModified":"2017-11-21T11:54:42+00:00","breadcrumb":{"@id":"https:\/\/www.hess-industriemontagen.de\/index.php\/our-target\/alternative-energy\/#breadcrumb"},"inLanguage":"de","potentialAction":[{"@type":"ReadAction","target":["https:\/\/www.hess-industriemontagen.de\/index.php\/our-target\/alternative-energy\/"]}]},{"@type":"ImageObject","inLanguage":"de","@id":"https:\/\/www.hess-industriemontagen.de\/index.php\/our-target\/alternative-energy\/#primaryimage","url":"https:\/\/www.hess-industriemontagen.de\/wp-content\/uploads\/Fotolia_56127388_XS.jpg","contentUrl":"https:\/\/www.hess-industriemontagen.de\/wp-content\/uploads\/Fotolia_56127388_XS.jpg","width":425,"height":282},{"@type":"BreadcrumbList","@id":"https:\/\/www.hess-industriemontagen.de\/index.php\/our-target\/alternative-energy\/#breadcrumb","itemListElement":[{"@type":"ListItem","position":1,"name":"Startseite","item":"https:\/\/www.hess-industriemontagen.de\/"},{"@type":"ListItem","position":2,"name":"Leistungen","item":"https:\/\/www.hess-industriemontagen.de\/index.php\/our-target\/"},{"@type":"ListItem","position":3,"name":"Rohrleitungsbau"}]},{"@type":"WebSite","@id":"https:\/\/www.hess-industriemontagen.de\/#website","url":"https:\/\/www.hess-industriemontagen.de\/","name":"He\u00df - Industriemontagen GmbH","description":"","publisher":{"@id":"https:\/\/www.hess-industriemontagen.de\/#organization"},"potentialAction":[{"@type":"SearchAction","target":{"@type":"EntryPoint","urlTemplate":"https:\/\/www.hess-industriemontagen.de\/?s={search_term_string}"},"query-input":{"@type":"PropertyValueSpecification","valueRequired":true,"valueName":"search_term_string"}}],"inLanguage":"de"},{"@type":"Organization","@id":"https:\/\/www.hess-industriemontagen.de\/#organization","name":"He\u00df Industriemontagen GmbH","url":"https:\/\/www.hess-industriemontagen.de\/","logo":{"@type":"ImageObject","inLanguage":"de","@id":"https:\/\/www.hess-industriemontagen.de\/#\/schema\/logo\/image\/","url":"https:\/\/www.hess-industriemontagen.de\/wp-content\/uploads\/2016\/04\/logo125-1.png","contentUrl":"https:\/\/www.hess-industriemontagen.de\/wp-content\/uploads\/2016\/04\/logo125-1.png","width":147,"height":125,"caption":"He\u00df Industriemontagen GmbH"},"image":{"@id":"https:\/\/www.hess-industriemontagen.de\/#\/schema\/logo\/image\/"}}]}},"_links":{"self":[{"href":"https:\/\/www.hess-industriemontagen.de\/index.php\/wp-json\/wp\/v2\/pages\/27","targetHints":{"allow":["GET"]}}],"collection":[{"href":"https:\/\/www.hess-industriemontagen.de\/index.php\/wp-json\/wp\/v2\/pages"}],"about":[{"href":"https:\/\/www.hess-industriemontagen.de\/index.php\/wp-json\/wp\/v2\/types\/page"}],"author":[{"embeddable":true,"href":"https:\/\/www.hess-industriemontagen.de\/index.php\/wp-json\/wp\/v2\/users\/1"}],"replies":[{"embeddable":true,"href":"https:\/\/www.hess-industriemontagen.de\/index.php\/wp-json\/wp\/v2\/comments?post=27"}],"version-history":[{"count":6,"href":"https:\/\/www.hess-industriemontagen.de\/index.php\/wp-json\/wp\/v2\/pages\/27\/revisions"}],"predecessor-version":[{"id":1268,"href":"https:\/\/www.hess-industriemontagen.de\/index.php\/wp-json\/wp\/v2\/pages\/27\/revisions\/1268"}],"up":[{"embeddable":true,"href":"https:\/\/www.hess-industriemontagen.de\/index.php\/wp-json\/wp\/v2\/pages\/19"}],"wp:featuredmedia":[{"embeddable":true,"href":"https:\/\/www.hess-industriemontagen.de\/index.php\/wp-json\/wp\/v2\/media\/983"}],"wp:attachment":[{"href":"https:\/\/www.hess-industriemontagen.de\/index.php\/wp-json\/wp\/v2\/media?parent=27"}],"curies":[{"name":"wp","href":"https:\/\/api.w.org\/{rel}","templated":true}]}}