{"id":33,"date":"2016-02-13T14:19:53","date_gmt":"2016-02-13T14:19:53","guid":{"rendered":"http:\/\/demo.djmimi.net\/themes\/industry\/?page_id=33"},"modified":"2017-11-21T13:02:50","modified_gmt":"2017-11-21T12:02:50","slug":"pharmaceutical-research","status":"publish","type":"page","link":"https:\/\/www.hess-industriemontagen.de\/index.php\/our-target\/pharmaceutical-research\/","title":{"rendered":"Verschlei\u00dfarbeiten"},"content":{"rendered":"<p>[vc_row][vc_column][vc_single_image image=&#8221;1074&#8243; img_size=&#8221;full&#8221;][\/vc_column][\/vc_row][vc_row css=&#8221;.vc_custom_1455449271627{margin-top: 30px !important;}&#8221;][vc_column][vc_column_text]<\/p>\n<p style=\"text-align: justify;\">Holzverarbeitende Betriebe haben immer wieder mit Verschlei\u00df an F\u00f6rderschnecken und Schredder-Anlagen zu k\u00e4mpfen \u2013 hier bieten wir Verschlei\u00dfschutzarbeiten mit besonders abriebfesten\u00a0 Werkstoffen wie Hardox oder Vautid, die einen besonderen Mehrwert f\u00fcr Ihr Unternehmen schaffen: Der Einsatz dieser Werkstoffe und Schwei\u00dfzus\u00e4tze erm\u00f6glicht eine erhebliche Erh\u00f6hung der Standzeiten Ihrer Anlagen.<\/p>\n<p style=\"text-align: justify;\">Gerne \u00fcbernehmen wir auch Ihre individuellen Auftragsschwei\u00dfarbeiten mit speziellen Hartauftragsdr\u00e4hten.<\/p>\n<p>[\/vc_column_text][\/vc_column][\/vc_row][vc_row][vc_column][vc_empty_space height=&#8221;25px&#8221;][\/vc_column][\/vc_row][vc_row][vc_column][vc_column_text]<\/p>\n<style type=\"text\/css\">\n\t#foogallery-gallery-1275 .fg-image {\n        width: 150px;\n    }\n<\/style>\n\t\t\t\t<div class=\"foogallery foogallery-container foogallery-default foogallery-lightbox-dfactory fg-gutter-5 fg-center fg-default fg-dark fg-border-thin fg-shadow-outline fg-loading-bars fg-loaded-fade-in fg-hover-grayscale fg-caption-hover fg-hover-fade fg-hover-zoom fg-ready\" id=\"foogallery-gallery-1275\" data-foogallery=\"{&quot;item&quot;:{&quot;showCaptionTitle&quot;:true,&quot;showCaptionDescription&quot;:true},&quot;lazy&quot;:true}\" >\n\t<div class=\"fg-item fg-type-image fg-idle\"><figure class=\"fg-item-inner\"><a href=\"https:\/\/www.hess-industriemontagen.de\/wp-content\/uploads\/SAM_0920.jpg\" data-attachment-id=\"972\" data-rel=\"lightbox-image-bGlnaHRib3g=\" data-rl_title=\"\" data-rl_caption=\"\" data-type=\"image\" class=\"fg-thumb\" title=\"\"><span class=\"fg-image-wrap\"><img decoding=\"async\" width=\"150\" height=\"150\" class=\"skip-lazy fg-image\" data-src-fg=\"https:\/\/www.hess-industriemontagen.de\/wp-content\/uploads\/cache\/SAM_0920\/3073812241.jpg\" src=\"data:image\/svg+xml,%3Csvg%20xmlns%3D%22http%3A%2F%2Fwww.w3.org%2F2000%2Fsvg%22%20width%3D%22150%22%20height%3D%22150%22%20viewBox%3D%220%200%20150%20150%22%3E%3C%2Fsvg%3E\" loading=\"eager\"><\/span><span class=\"fg-image-overlay\"><\/span><\/a><figcaption class=\"fg-caption\"><div class=\"fg-caption-inner\"><\/div><\/figcaption><\/figure><div class=\"fg-loader\"><\/div><\/div><div class=\"fg-item fg-type-image fg-idle\"><figure class=\"fg-item-inner\"><a href=\"https:\/\/www.hess-industriemontagen.de\/wp-content\/uploads\/SAM_0919.jpg\" data-attachment-id=\"971\" data-rel=\"lightbox-image-bGlnaHRib3g=\" data-rl_title=\"\" data-rl_caption=\"\" data-type=\"image\" class=\"fg-thumb\" title=\"\"><span class=\"fg-image-wrap\"><img decoding=\"async\" width=\"150\" height=\"150\" class=\"skip-lazy fg-image\" data-src-fg=\"https:\/\/www.hess-industriemontagen.de\/wp-content\/uploads\/cache\/SAM_0919\/3765841108.jpg\" src=\"data:image\/svg+xml,%3Csvg%20xmlns%3D%22http%3A%2F%2Fwww.w3.org%2F2000%2Fsvg%22%20width%3D%22150%22%20height%3D%22150%22%20viewBox%3D%220%200%20150%20150%22%3E%3C%2Fsvg%3E\" loading=\"eager\"><\/span><span class=\"fg-image-overlay\"><\/span><\/a><figcaption class=\"fg-caption\"><div class=\"fg-caption-inner\"><\/div><\/figcaption><\/figure><div class=\"fg-loader\"><\/div><\/div><div class=\"fg-item fg-type-image fg-idle\"><figure class=\"fg-item-inner\"><a href=\"https:\/\/www.hess-industriemontagen.de\/wp-content\/uploads\/SAM_0918.jpg\" data-attachment-id=\"970\" data-rel=\"lightbox-image-bGlnaHRib3g=\" data-rl_title=\"\" data-rl_caption=\"\" data-type=\"image\" class=\"fg-thumb\" title=\"\"><span class=\"fg-image-wrap\"><img decoding=\"async\" width=\"150\" height=\"150\" class=\"skip-lazy fg-image\" data-src-fg=\"https:\/\/www.hess-industriemontagen.de\/wp-content\/uploads\/cache\/SAM_0918\/60966995.jpg\" src=\"data:image\/svg+xml,%3Csvg%20xmlns%3D%22http%3A%2F%2Fwww.w3.org%2F2000%2Fsvg%22%20width%3D%22150%22%20height%3D%22150%22%20viewBox%3D%220%200%20150%20150%22%3E%3C%2Fsvg%3E\" loading=\"eager\"><\/span><span class=\"fg-image-overlay\"><\/span><\/a><figcaption class=\"fg-caption\"><div class=\"fg-caption-inner\"><\/div><\/figcaption><\/figure><div class=\"fg-loader\"><\/div><\/div><div class=\"fg-item fg-type-image fg-idle\"><figure class=\"fg-item-inner\"><a href=\"https:\/\/www.hess-industriemontagen.de\/wp-content\/uploads\/DSC00025.jpg\" data-attachment-id=\"969\" data-rel=\"lightbox-image-bGlnaHRib3g=\" data-rl_title=\"\" data-rl_caption=\"\" data-type=\"image\" class=\"fg-thumb\" title=\"\"><span class=\"fg-image-wrap\"><img decoding=\"async\" width=\"150\" height=\"150\" class=\"skip-lazy fg-image\" data-src-fg=\"https:\/\/www.hess-industriemontagen.de\/wp-content\/uploads\/cache\/DSC00025\/1310214628.jpg\" src=\"data:image\/svg+xml,%3Csvg%20xmlns%3D%22http%3A%2F%2Fwww.w3.org%2F2000%2Fsvg%22%20width%3D%22150%22%20height%3D%22150%22%20viewBox%3D%220%200%20150%20150%22%3E%3C%2Fsvg%3E\" loading=\"eager\"><\/span><span class=\"fg-image-overlay\"><\/span><\/a><figcaption class=\"fg-caption\"><div class=\"fg-caption-inner\"><\/div><\/figcaption><\/figure><div class=\"fg-loader\"><\/div><\/div><div class=\"fg-item fg-type-image fg-idle\"><figure class=\"fg-item-inner\"><a href=\"https:\/\/www.hess-industriemontagen.de\/wp-content\/uploads\/DSC00024.jpg\" data-attachment-id=\"968\" data-rel=\"lightbox-image-bGlnaHRib3g=\" data-rl_title=\"\" data-rl_caption=\"\" data-type=\"image\" class=\"fg-thumb\" title=\"\"><span class=\"fg-image-wrap\"><img decoding=\"async\" width=\"150\" height=\"150\" class=\"skip-lazy fg-image\" data-src-fg=\"https:\/\/www.hess-industriemontagen.de\/wp-content\/uploads\/cache\/DSC00024\/2915839331.jpg\" src=\"data:image\/svg+xml,%3Csvg%20xmlns%3D%22http%3A%2F%2Fwww.w3.org%2F2000%2Fsvg%22%20width%3D%22150%22%20height%3D%22150%22%20viewBox%3D%220%200%20150%20150%22%3E%3C%2Fsvg%3E\" loading=\"eager\"><\/span><span class=\"fg-image-overlay\"><\/span><\/a><figcaption class=\"fg-caption\"><div class=\"fg-caption-inner\"><\/div><\/figcaption><\/figure><div class=\"fg-loader\"><\/div><\/div><div class=\"fg-item fg-type-image fg-idle\"><figure class=\"fg-item-inner\"><a href=\"https:\/\/www.hess-industriemontagen.de\/wp-content\/uploads\/DSC00023.jpg\" data-attachment-id=\"967\" data-rel=\"lightbox-image-bGlnaHRib3g=\" data-rl_title=\"\" data-rl_caption=\"\" data-type=\"image\" class=\"fg-thumb\" title=\"\"><span class=\"fg-image-wrap\"><img decoding=\"async\" width=\"150\" height=\"150\" class=\"skip-lazy fg-image\" data-src-fg=\"https:\/\/www.hess-industriemontagen.de\/wp-content\/uploads\/cache\/DSC00023\/3421519548.jpg\" src=\"data:image\/svg+xml,%3Csvg%20xmlns%3D%22http%3A%2F%2Fwww.w3.org%2F2000%2Fsvg%22%20width%3D%22150%22%20height%3D%22150%22%20viewBox%3D%220%200%20150%20150%22%3E%3C%2Fsvg%3E\" loading=\"eager\"><\/span><span class=\"fg-image-overlay\"><\/span><\/a><figcaption class=\"fg-caption\"><div class=\"fg-caption-inner\"><\/div><\/figcaption><\/figure><div class=\"fg-loader\"><\/div><\/div><\/div>\n\n<p>[\/vc_column_text][\/vc_column][\/vc_row]<\/p>\n","protected":false},"excerpt":{"rendered":"<p>[vc_row][vc_column][vc_single_image image=&#8221;1074&#8243; img_size=&#8221;full&#8221;][\/vc_column][\/vc_row][vc_row css=&#8221;.vc_custom_1455449271627{margin-top: 30px !important;}&#8221;][vc_column][vc_column_text] Holzverarbeitende Betriebe haben immer wieder mit Verschlei\u00df an F\u00f6rderschnecken und Schredder-Anlagen zu k\u00e4mpfen \u2013 hier bieten wir Verschlei\u00dfschutzarbeiten mit besonders abriebfesten\u00a0 Werkstoffen wie Hardox oder Vautid, die einen besonderen Mehrwert f\u00fcr Ihr Unternehmen schaffen: Der Einsatz dieser Werkstoffe und Schwei\u00dfzus\u00e4tze erm\u00f6glicht eine erhebliche Erh\u00f6hung der Standzeiten Ihrer Anlagen. Gerne [&hellip;]<\/p>\n","protected":false},"author":1,"featured_media":966,"parent":19,"menu_order":0,"comment_status":"closed","ping_status":"closed","template":"page-tpl_left_sidebar.php","meta":{"footnotes":""},"class_list":["post-33","page","type-page","status-publish","has-post-thumbnail","hentry"],"yoast_head":"<!-- This site is optimized with the Yoast SEO plugin v25.7 - https:\/\/yoast.com\/wordpress\/plugins\/seo\/ -->\n<title>Verschlei\u00dfarbeiten - He\u00df - Industriemontagen GmbH<\/title>\n<meta name=\"robots\" content=\"index, follow, max-snippet:-1, max-image-preview:large, max-video-preview:-1\" \/>\n<link rel=\"canonical\" href=\"https:\/\/www.hess-industriemontagen.de\/index.php\/our-target\/pharmaceutical-research\/\" \/>\n<meta property=\"og:locale\" content=\"de_DE\" \/>\n<meta property=\"og:type\" content=\"article\" \/>\n<meta property=\"og:title\" content=\"Verschlei\u00dfarbeiten - He\u00df - Industriemontagen GmbH\" \/>\n<meta property=\"og:description\" content=\"[vc_row][vc_column][vc_single_image image=&#8221;1074&#8243; img_size=&#8221;full&#8221;][\/vc_column][\/vc_row][vc_row css=&#8221;.vc_custom_1455449271627{margin-top: 30px !important;}&#8221;][vc_column][vc_column_text] Holzverarbeitende Betriebe haben immer wieder mit Verschlei\u00df an F\u00f6rderschnecken und Schredder-Anlagen zu k\u00e4mpfen \u2013 hier bieten wir Verschlei\u00dfschutzarbeiten mit besonders abriebfesten\u00a0 Werkstoffen wie Hardox oder Vautid, die einen besonderen Mehrwert f\u00fcr Ihr Unternehmen schaffen: Der Einsatz dieser Werkstoffe und Schwei\u00dfzus\u00e4tze erm\u00f6glicht eine erhebliche Erh\u00f6hung der Standzeiten Ihrer Anlagen. Gerne [&hellip;]\" \/>\n<meta property=\"og:url\" content=\"https:\/\/www.hess-industriemontagen.de\/index.php\/our-target\/pharmaceutical-research\/\" \/>\n<meta property=\"og:site_name\" content=\"He\u00df - Industriemontagen GmbH\" \/>\n<meta property=\"article:modified_time\" content=\"2017-11-21T12:02:50+00:00\" \/>\n<meta property=\"og:image\" content=\"https:\/\/www.hess-industriemontagen.de\/wp-content\/uploads\/DSC00022.jpg\" \/>\n\t<meta property=\"og:image:width\" content=\"2048\" \/>\n\t<meta property=\"og:image:height\" content=\"1536\" \/>\n\t<meta property=\"og:image:type\" content=\"image\/jpeg\" \/>\n<meta name=\"twitter:card\" content=\"summary_large_image\" \/>\n<meta name=\"twitter:label1\" content=\"Gesch\u00e4tzte Lesezeit\" \/>\n\t<meta name=\"twitter:data1\" content=\"1\u00a0Minute\" \/>\n<script type=\"application\/ld+json\" class=\"yoast-schema-graph\">{\"@context\":\"https:\/\/schema.org\",\"@graph\":[{\"@type\":\"WebPage\",\"@id\":\"https:\/\/www.hess-industriemontagen.de\/index.php\/our-target\/pharmaceutical-research\/\",\"url\":\"https:\/\/www.hess-industriemontagen.de\/index.php\/our-target\/pharmaceutical-research\/\",\"name\":\"Verschlei\u00dfarbeiten - He\u00df - Industriemontagen GmbH\",\"isPartOf\":{\"@id\":\"https:\/\/www.hess-industriemontagen.de\/#website\"},\"primaryImageOfPage\":{\"@id\":\"https:\/\/www.hess-industriemontagen.de\/index.php\/our-target\/pharmaceutical-research\/#primaryimage\"},\"image\":{\"@id\":\"https:\/\/www.hess-industriemontagen.de\/index.php\/our-target\/pharmaceutical-research\/#primaryimage\"},\"thumbnailUrl\":\"https:\/\/www.hess-industriemontagen.de\/wp-content\/uploads\/DSC00022.jpg\",\"datePublished\":\"2016-02-13T14:19:53+00:00\",\"dateModified\":\"2017-11-21T12:02:50+00:00\",\"breadcrumb\":{\"@id\":\"https:\/\/www.hess-industriemontagen.de\/index.php\/our-target\/pharmaceutical-research\/#breadcrumb\"},\"inLanguage\":\"de\",\"potentialAction\":[{\"@type\":\"ReadAction\",\"target\":[\"https:\/\/www.hess-industriemontagen.de\/index.php\/our-target\/pharmaceutical-research\/\"]}]},{\"@type\":\"ImageObject\",\"inLanguage\":\"de\",\"@id\":\"https:\/\/www.hess-industriemontagen.de\/index.php\/our-target\/pharmaceutical-research\/#primaryimage\",\"url\":\"https:\/\/www.hess-industriemontagen.de\/wp-content\/uploads\/DSC00022.jpg\",\"contentUrl\":\"https:\/\/www.hess-industriemontagen.de\/wp-content\/uploads\/DSC00022.jpg\",\"width\":2048,\"height\":1536},{\"@type\":\"BreadcrumbList\",\"@id\":\"https:\/\/www.hess-industriemontagen.de\/index.php\/our-target\/pharmaceutical-research\/#breadcrumb\",\"itemListElement\":[{\"@type\":\"ListItem\",\"position\":1,\"name\":\"Startseite\",\"item\":\"https:\/\/www.hess-industriemontagen.de\/\"},{\"@type\":\"ListItem\",\"position\":2,\"name\":\"Leistungen\",\"item\":\"https:\/\/www.hess-industriemontagen.de\/index.php\/our-target\/\"},{\"@type\":\"ListItem\",\"position\":3,\"name\":\"Verschlei\u00dfarbeiten\"}]},{\"@type\":\"WebSite\",\"@id\":\"https:\/\/www.hess-industriemontagen.de\/#website\",\"url\":\"https:\/\/www.hess-industriemontagen.de\/\",\"name\":\"He\u00df - Industriemontagen GmbH\",\"description\":\"\",\"publisher\":{\"@id\":\"https:\/\/www.hess-industriemontagen.de\/#organization\"},\"potentialAction\":[{\"@type\":\"SearchAction\",\"target\":{\"@type\":\"EntryPoint\",\"urlTemplate\":\"https:\/\/www.hess-industriemontagen.de\/?s={search_term_string}\"},\"query-input\":{\"@type\":\"PropertyValueSpecification\",\"valueRequired\":true,\"valueName\":\"search_term_string\"}}],\"inLanguage\":\"de\"},{\"@type\":\"Organization\",\"@id\":\"https:\/\/www.hess-industriemontagen.de\/#organization\",\"name\":\"He\u00df Industriemontagen GmbH\",\"url\":\"https:\/\/www.hess-industriemontagen.de\/\",\"logo\":{\"@type\":\"ImageObject\",\"inLanguage\":\"de\",\"@id\":\"https:\/\/www.hess-industriemontagen.de\/#\/schema\/logo\/image\/\",\"url\":\"https:\/\/www.hess-industriemontagen.de\/wp-content\/uploads\/2016\/04\/logo125-1.png\",\"contentUrl\":\"https:\/\/www.hess-industriemontagen.de\/wp-content\/uploads\/2016\/04\/logo125-1.png\",\"width\":147,\"height\":125,\"caption\":\"He\u00df Industriemontagen GmbH\"},\"image\":{\"@id\":\"https:\/\/www.hess-industriemontagen.de\/#\/schema\/logo\/image\/\"}}]}<\/script>\n<!-- \/ Yoast SEO plugin. -->","yoast_head_json":{"title":"Verschlei\u00dfarbeiten - He\u00df - Industriemontagen GmbH","robots":{"index":"index","follow":"follow","max-snippet":"max-snippet:-1","max-image-preview":"max-image-preview:large","max-video-preview":"max-video-preview:-1"},"canonical":"https:\/\/www.hess-industriemontagen.de\/index.php\/our-target\/pharmaceutical-research\/","og_locale":"de_DE","og_type":"article","og_title":"Verschlei\u00dfarbeiten - He\u00df - Industriemontagen GmbH","og_description":"[vc_row][vc_column][vc_single_image image=&#8221;1074&#8243; img_size=&#8221;full&#8221;][\/vc_column][\/vc_row][vc_row css=&#8221;.vc_custom_1455449271627{margin-top: 30px !important;}&#8221;][vc_column][vc_column_text] Holzverarbeitende Betriebe haben immer wieder mit Verschlei\u00df an F\u00f6rderschnecken und Schredder-Anlagen zu k\u00e4mpfen \u2013 hier bieten wir Verschlei\u00dfschutzarbeiten mit besonders abriebfesten\u00a0 Werkstoffen wie Hardox oder Vautid, die einen besonderen Mehrwert f\u00fcr Ihr Unternehmen schaffen: Der Einsatz dieser Werkstoffe und Schwei\u00dfzus\u00e4tze erm\u00f6glicht eine erhebliche Erh\u00f6hung der Standzeiten Ihrer Anlagen. Gerne [&hellip;]","og_url":"https:\/\/www.hess-industriemontagen.de\/index.php\/our-target\/pharmaceutical-research\/","og_site_name":"He\u00df - Industriemontagen GmbH","article_modified_time":"2017-11-21T12:02:50+00:00","og_image":[{"width":2048,"height":1536,"url":"https:\/\/www.hess-industriemontagen.de\/wp-content\/uploads\/DSC00022.jpg","type":"image\/jpeg"}],"twitter_card":"summary_large_image","twitter_misc":{"Gesch\u00e4tzte Lesezeit":"1\u00a0Minute"},"schema":{"@context":"https:\/\/schema.org","@graph":[{"@type":"WebPage","@id":"https:\/\/www.hess-industriemontagen.de\/index.php\/our-target\/pharmaceutical-research\/","url":"https:\/\/www.hess-industriemontagen.de\/index.php\/our-target\/pharmaceutical-research\/","name":"Verschlei\u00dfarbeiten - He\u00df - Industriemontagen GmbH","isPartOf":{"@id":"https:\/\/www.hess-industriemontagen.de\/#website"},"primaryImageOfPage":{"@id":"https:\/\/www.hess-industriemontagen.de\/index.php\/our-target\/pharmaceutical-research\/#primaryimage"},"image":{"@id":"https:\/\/www.hess-industriemontagen.de\/index.php\/our-target\/pharmaceutical-research\/#primaryimage"},"thumbnailUrl":"https:\/\/www.hess-industriemontagen.de\/wp-content\/uploads\/DSC00022.jpg","datePublished":"2016-02-13T14:19:53+00:00","dateModified":"2017-11-21T12:02:50+00:00","breadcrumb":{"@id":"https:\/\/www.hess-industriemontagen.de\/index.php\/our-target\/pharmaceutical-research\/#breadcrumb"},"inLanguage":"de","potentialAction":[{"@type":"ReadAction","target":["https:\/\/www.hess-industriemontagen.de\/index.php\/our-target\/pharmaceutical-research\/"]}]},{"@type":"ImageObject","inLanguage":"de","@id":"https:\/\/www.hess-industriemontagen.de\/index.php\/our-target\/pharmaceutical-research\/#primaryimage","url":"https:\/\/www.hess-industriemontagen.de\/wp-content\/uploads\/DSC00022.jpg","contentUrl":"https:\/\/www.hess-industriemontagen.de\/wp-content\/uploads\/DSC00022.jpg","width":2048,"height":1536},{"@type":"BreadcrumbList","@id":"https:\/\/www.hess-industriemontagen.de\/index.php\/our-target\/pharmaceutical-research\/#breadcrumb","itemListElement":[{"@type":"ListItem","position":1,"name":"Startseite","item":"https:\/\/www.hess-industriemontagen.de\/"},{"@type":"ListItem","position":2,"name":"Leistungen","item":"https:\/\/www.hess-industriemontagen.de\/index.php\/our-target\/"},{"@type":"ListItem","position":3,"name":"Verschlei\u00dfarbeiten"}]},{"@type":"WebSite","@id":"https:\/\/www.hess-industriemontagen.de\/#website","url":"https:\/\/www.hess-industriemontagen.de\/","name":"He\u00df - Industriemontagen GmbH","description":"","publisher":{"@id":"https:\/\/www.hess-industriemontagen.de\/#organization"},"potentialAction":[{"@type":"SearchAction","target":{"@type":"EntryPoint","urlTemplate":"https:\/\/www.hess-industriemontagen.de\/?s={search_term_string}"},"query-input":{"@type":"PropertyValueSpecification","valueRequired":true,"valueName":"search_term_string"}}],"inLanguage":"de"},{"@type":"Organization","@id":"https:\/\/www.hess-industriemontagen.de\/#organization","name":"He\u00df Industriemontagen GmbH","url":"https:\/\/www.hess-industriemontagen.de\/","logo":{"@type":"ImageObject","inLanguage":"de","@id":"https:\/\/www.hess-industriemontagen.de\/#\/schema\/logo\/image\/","url":"https:\/\/www.hess-industriemontagen.de\/wp-content\/uploads\/2016\/04\/logo125-1.png","contentUrl":"https:\/\/www.hess-industriemontagen.de\/wp-content\/uploads\/2016\/04\/logo125-1.png","width":147,"height":125,"caption":"He\u00df Industriemontagen GmbH"},"image":{"@id":"https:\/\/www.hess-industriemontagen.de\/#\/schema\/logo\/image\/"}}]}},"_links":{"self":[{"href":"https:\/\/www.hess-industriemontagen.de\/index.php\/wp-json\/wp\/v2\/pages\/33","targetHints":{"allow":["GET"]}}],"collection":[{"href":"https:\/\/www.hess-industriemontagen.de\/index.php\/wp-json\/wp\/v2\/pages"}],"about":[{"href":"https:\/\/www.hess-industriemontagen.de\/index.php\/wp-json\/wp\/v2\/types\/page"}],"author":[{"embeddable":true,"href":"https:\/\/www.hess-industriemontagen.de\/index.php\/wp-json\/wp\/v2\/users\/1"}],"replies":[{"embeddable":true,"href":"https:\/\/www.hess-industriemontagen.de\/index.php\/wp-json\/wp\/v2\/comments?post=33"}],"version-history":[{"count":7,"href":"https:\/\/www.hess-industriemontagen.de\/index.php\/wp-json\/wp\/v2\/pages\/33\/revisions"}],"predecessor-version":[{"id":1495,"href":"https:\/\/www.hess-industriemontagen.de\/index.php\/wp-json\/wp\/v2\/pages\/33\/revisions\/1495"}],"up":[{"embeddable":true,"href":"https:\/\/www.hess-industriemontagen.de\/index.php\/wp-json\/wp\/v2\/pages\/19"}],"wp:featuredmedia":[{"embeddable":true,"href":"https:\/\/www.hess-industriemontagen.de\/index.php\/wp-json\/wp\/v2\/media\/966"}],"wp:attachment":[{"href":"https:\/\/www.hess-industriemontagen.de\/index.php\/wp-json\/wp\/v2\/media?parent=33"}],"curies":[{"name":"wp","href":"https:\/\/api.w.org\/{rel}","templated":true}]}}