{"id":443,"date":"2016-02-13T12:41:04","date_gmt":"2016-02-13T12:41:04","guid":{"rendered":"http:\/\/demo.djmimi.net\/themes\/industry\/?page_id=2"},"modified":"2025-08-12T15:53:22","modified_gmt":"2025-08-12T13:53:22","slug":"home-page","status":"publish","type":"page","link":"https:\/\/www.hess-industriemontagen.de\/","title":{"rendered":"Home Page"},"content":{"rendered":"<p>[vc_row css=&#8221;.vc_custom_1455400038320{margin-bottom: 45px !important;}&#8221;][vc_column width=&#8221;1\/3&#8243;]<div class=\"page-item top-media\">\n\t\t\t\t<a href=\"https:\/\/www.hess-industriemontagen.de\/index.php\/our-target\/pharmaceutical-research\/\" class=\"page-media\"><img loading=\"lazy\" decoding=\"async\" width=\"360\" height=\"203\" src=\"https:\/\/www.hess-industriemontagen.de\/wp-content\/uploads\/DSC00022-360x203.jpg\" class=\"attachment-industry-box-thumb size-industry-box-thumb wp-post-image\" alt=\"\" \/><\/a>\n\t\t\t\t<div class=\"page-item-content\">\n\t\t\t\t\t<h5>Verschlei\u00dfarbeiten<\/h5>\n\t\t\t\t\t<p>Holzverarbeitende Betriebe haben immer wieder mit Verschlei\u00df an F\u00f6rderschnecken und...<\/p>\n\t\t\t\t\t<a href=\"https:\/\/www.hess-industriemontagen.de\/index.php\/our-target\/pharmaceutical-research\/\" class=\"read-more header-font\">Continue Reading<\/a>\n\t\t\t\t<\/div>\n\t\t\t<\/div>[vc_empty_space height=&#8221;15px&#8221;]<div class=\"page-item top-media\">\n\t\t\t\t<a href=\"https:\/\/www.hess-industriemontagen.de\/index.php\/our-target\/regalinspektion\/\" class=\"page-media\"><img loading=\"lazy\" decoding=\"async\" width=\"360\" height=\"203\" src=\"https:\/\/www.hess-industriemontagen.de\/wp-content\/uploads\/Fotolia_84644846_XS-360x203.jpg\" class=\"attachment-industry-box-thumb size-industry-box-thumb wp-post-image\" alt=\"\" \/><\/a>\n\t\t\t\t<div class=\"page-item-content\">\n\t\t\t\t\t<h5>Regalinspektion<\/h5>\n\t\t\t\t\t<p>Das Thema Arbeitssicherheit nimmt heutzutage einen hohen Stellenwert ein. Als...<\/p>\n\t\t\t\t\t<a href=\"https:\/\/www.hess-industriemontagen.de\/index.php\/our-target\/regalinspektion\/\" class=\"read-more header-font\">Continue Reading<\/a>\n\t\t\t\t<\/div>\n\t\t\t<\/div>[\/vc_column][vc_column width=&#8221;1\/3&#8243;]<div class=\"page-item top-media\">\n\t\t\t\t<a href=\"https:\/\/www.hess-industriemontagen.de\/index.php\/our-target\/agricultural-engineering\/\" class=\"page-media\"><img loading=\"lazy\" decoding=\"async\" width=\"360\" height=\"203\" src=\"https:\/\/www.hess-industriemontagen.de\/wp-content\/uploads\/DSC00163-1-360x203.jpg\" class=\"attachment-industry-box-thumb size-industry-box-thumb wp-post-image\" alt=\"\" \/><\/a>\n\t\t\t\t<div class=\"page-item-content\">\n\t\t\t\t\t<h5>Stahlbau<\/h5>\n\t\t\t\t\t<p>Unser umfangreiches Angebotsspektrum reicht von der Blechbearbeitung und Teilefertigung...<\/p>\n\t\t\t\t\t<a href=\"https:\/\/www.hess-industriemontagen.de\/index.php\/our-target\/agricultural-engineering\/\" class=\"read-more header-font\">Continue Reading<\/a>\n\t\t\t\t<\/div>\n\t\t\t<\/div>[vc_empty_space height=&#8221;15px&#8221;]<div class=\"page-item top-media\">\n\t\t\t\t<a href=\"https:\/\/www.hess-industriemontagen.de\/index.php\/our-target\/alternative-energy\/\" class=\"page-media\"><img loading=\"lazy\" decoding=\"async\" width=\"360\" height=\"203\" src=\"https:\/\/www.hess-industriemontagen.de\/wp-content\/uploads\/Fotolia_56127388_XS-360x203.jpg\" class=\"attachment-industry-box-thumb size-industry-box-thumb wp-post-image\" alt=\"\" \/><\/a>\n\t\t\t\t<div class=\"page-item-content\">\n\t\t\t\t\t<h5>Rohrleitungsbau<\/h5>\n\t\t\t\t\t<p>Im Bereich Rohrleitungsbau bieten wir Ihnen Leistungen rund um Neuanlagen...<\/p>\n\t\t\t\t\t<a href=\"https:\/\/www.hess-industriemontagen.de\/index.php\/our-target\/alternative-energy\/\" class=\"read-more header-font\">Continue Reading<\/a>\n\t\t\t\t<\/div>\n\t\t\t<\/div>[\/vc_column][vc_column width=&#8221;1\/3&#8243;]<div class=\"page-item top-media\">\n\t\t\t\t<a href=\"https:\/\/www.hess-industriemontagen.de\/index.php\/our-target\/oil-exploration\/\" class=\"page-media\"><img loading=\"lazy\" decoding=\"async\" width=\"360\" height=\"203\" src=\"https:\/\/www.hess-industriemontagen.de\/wp-content\/uploads\/Fotolia_24602456_XS-360x203.jpg\" class=\"attachment-industry-box-thumb size-industry-box-thumb wp-post-image\" alt=\"\" \/><\/a>\n\t\t\t\t<div class=\"page-item-content\">\n\t\t\t\t\t<h5>Schweissarbeiten<\/h5>\n\t\t\t\t\t<p>Wir garantieren Ihnen qualitativ hochwertige Dienstleistungen \u2013 auch im Bereich...<\/p>\n\t\t\t\t\t<a href=\"https:\/\/www.hess-industriemontagen.de\/index.php\/our-target\/oil-exploration\/\" class=\"read-more header-font\">Continue Reading<\/a>\n\t\t\t\t<\/div>\n\t\t\t<\/div>[vc_empty_space height=&#8221;15px&#8221;]<div class=\"page-item top-media\">\n\t\t\t\t<a href=\"https:\/\/www.hess-industriemontagen.de\/index.php\/our-target\/metal-industry\/\" class=\"page-media\"><img loading=\"lazy\" decoding=\"async\" width=\"360\" height=\"203\" src=\"https:\/\/www.hess-industriemontagen.de\/wp-content\/uploads\/DSC01916-360x203.jpg\" class=\"attachment-industry-box-thumb size-industry-box-thumb wp-post-image\" alt=\"\" \/><\/a>\n\t\t\t\t<div class=\"page-item-content\">\n\t\t\t\t\t<h5>Transportarbeiten<\/h5>\n\t\t\t\t\t<p>Wenn Ihr Unternehmen umstrukturiert wird, an einen anderen Standort umzieht oder eine...<\/p>\n\t\t\t\t\t<a href=\"https:\/\/www.hess-industriemontagen.de\/index.php\/our-target\/metal-industry\/\" class=\"read-more header-font\">Continue Reading<\/a>\n\t\t\t\t<\/div>\n\t\t\t<\/div>[\/vc_column][\/vc_row][vc_row][vc_column]<div class=\"ind-title-wrap\"><h4 style=\"\" class=\"ind-title\"> Philosophie<\/h4><\/div>[vc_empty_space height=&#8221;15px&#8221;][vc_column_text]Seit 30 Jahren sind wir Ihr starker Partner, wenn es um komplexe Dienstleistungen rund um die Industriemontage geht. Wir sind ein traditionsreiches Familienunternehmen mit Sitz in Kehl-Auenheim. Unsere Philosophie fu\u00dft auf den Grundwerten Flexibilit\u00e4t, Einsatzbereitschaft und Termintreue \u2013 und diese werden von unserem 16-k\u00f6pfigen Expertenteam tagt\u00e4glich zum Wohle unserer Kunden gelebt.<\/p>\n<p>Unser Angebotsspektrum ist vielf\u00e4ltig, wobei unsere Kernkompetenzen im Stahl- und Rohrleitungsbau sowie im Transportgewerk angesiedelt sind. Dabei erstrecken sich unsere Leistungen von Schwei\u00df- und Verschlei\u00dfarbeiten \u00fcber die Koordination f\u00fcr Demontage-, Montage- und Transportarbeiten und Regalinspektion.<\/p>\n<p>Wir bieten Ihnen ma\u00dfgeschneiderte L\u00f6sungen aus einer Hand: von der umfassenden Planung \u00fcber exakte Projektierung bis hin zur professionellen Fertigung. Dabei gehen wir zielgerichtet auf Ihre Anforderungen und W\u00fcnsche ein, um gemeinsam mit Ihnen passgenaue L\u00f6sungen zu finden.[\/vc_column_text][vc_empty_space height=&#8221;30px&#8221;][\/vc_column][\/vc_row][vc_row full_width=&#8221;stretch_row&#8221; css=&#8221;.vc_custom_1461245045892{background-image: url(https:\/\/www.hess-industriemontagen.de\/wp-content\/uploads\/2016\/02\/fullsize.jpg?id=554) !important;background-position: center !important;background-repeat: no-repeat !important;background-size: cover !important;}&#8221;][vc_column css=&#8221;.vc_custom_1455216594422{padding-top: 0px !important;}&#8221;]<div class=\"ind-cta\">\n\t\t<h4 style=\"\">Sie haben Fragen?<\/h4>\n\t\t<a href=\"https:\/\/www.hess-industriemontagen.de\/index.php\/contact-us\/\" class=\"btn\">Kontakt<\/a>\n\t<\/div>[\/vc_column][\/vc_row][vc_row css=&#8221;.vc_custom_1455404094549{margin-top: 50px !important;}&#8221;][vc_column]<div class=\"ind-title-wrap\"><h4 style=\"color: #202020;\" class=\"ind-title\">Unsere Kunden<\/h4><\/div>[vc_empty_space height=&#8221;20px&#8221;][vc_column_text]Mehr finden Sie unter <a href=\"https:\/\/www.hess-industriemontagen.de\/index.php\/hess-industriemontagen-referenzen\/\">Referenzen<\/a>[\/vc_column_text][vc_empty_space height=&#8221;15px&#8221;][vc_empty_space height=&#8221;15px&#8221;]<div class=\"clients\" data-rotate=\"\"><div class=\"client animation\">\n\t<a href=\"http:\/\/www.tesa.de\/\" target=\"_blank\" rel=\"nofollow\">\n\t\t<img loading=\"lazy\" decoding=\"async\" width=\"105\" height=\"77\" src=\"https:\/\/www.hess-industriemontagen.de\/wp-content\/uploads\/2016\/04\/testa.jpg\" class=\"attachment-full size-full\" alt=\"\" \/>\n\t<\/a>\n\t<\/div><div class=\"client animation\">\n\t<a href=\"https:\/\/www.koehlerpaper.com\/de\/index.php\" target=\"_blank\" rel=\"nofollow\">\n\t\t<img loading=\"lazy\" decoding=\"async\" width=\"105\" height=\"77\" src=\"https:\/\/www.hess-industriemontagen.de\/wp-content\/uploads\/2016\/04\/koehler.jpg\" class=\"attachment-full size-full\" alt=\"\" \/>\n\t<\/a>\n\t<\/div><div class=\"client animation\">\n\t<a href=\"http:\/\/www.bdw-kehl.de\/\" target=\"_blank\" rel=\"nofollow\">\n\t\t<img loading=\"lazy\" decoding=\"async\" width=\"105\" height=\"77\" src=\"https:\/\/www.hess-industriemontagen.de\/wp-content\/uploads\/2016\/04\/bdw.jpg\" class=\"attachment-full size-full\" alt=\"\" \/>\n\t<\/a>\n\t<\/div><div class=\"client animation\">\n\t<a href=\"http:\/\/www.bsw-kehl.de\/bsw-de\/index.php\" target=\"_blank\" rel=\"nofollow\">\n\t\t<img loading=\"lazy\" decoding=\"async\" width=\"105\" height=\"77\" src=\"https:\/\/www.hess-industriemontagen.de\/wp-content\/uploads\/2016\/02\/bsw.jpg\" class=\"attachment-full size-full\" alt=\"\" \/>\n\t<\/a>\n\t<\/div><div class=\"client animation\">\n\t<a href=\"https:\/\/www.buerstner.com\/de\/startseite\/\" target=\"_blank\" rel=\"nofollow\">\n\t\t<img loading=\"lazy\" decoding=\"async\" width=\"105\" height=\"77\" src=\"https:\/\/www.hess-industriemontagen.de\/wp-content\/uploads\/2016\/02\/buerstner.jpg\" class=\"attachment-full size-full\" alt=\"\" \/>\n\t<\/a>\n\t<\/div><div class=\"client animation\">\n\t<a href=\"http:\/\/www.ec-bioenergie.com\/\" target=\"_blank\" rel=\"nofollow\">\n\t\t<img loading=\"lazy\" decoding=\"async\" width=\"105\" height=\"77\" src=\"https:\/\/www.hess-industriemontagen.de\/wp-content\/uploads\/2016\/02\/bioenergie.jpg\" class=\"attachment-full size-full\" alt=\"\" \/>\n\t<\/a>\n\t<\/div><div class=\"client animation\">\n\t<a href=\"http:\/\/www.wohlundwarm.de\/\" target=\"_blank\" rel=\"nofollow\">\n\t\t<img loading=\"lazy\" decoding=\"async\" width=\"105\" height=\"77\" src=\"https:\/\/www.hess-industriemontagen.de\/wp-content\/uploads\/2016\/02\/wohlundwarm.jpg\" class=\"attachment-full size-full\" alt=\"\" \/>\n\t<\/a>\n\t<\/div><\/div>[vc_empty_space height=&#8221;30px&#8221;]<div class=\"clients\" data-rotate=\"\"><div class=\"client animation\">\n\t<a href=\"https:\/\/www.hydro.aero\/\" target=\"_blank\" rel=\"nofollow\">\n\t\t<img loading=\"lazy\" decoding=\"async\" width=\"105\" height=\"77\" src=\"https:\/\/www.hess-industriemontagen.de\/wp-content\/uploads\/2016\/04\/hydro.jpg\" class=\"attachment-full size-full\" alt=\"\" \/>\n\t<\/a>\n\t<\/div><div class=\"client animation\">\n\t<a href=\"http:\/\/www.logsites.de\/\" target=\"_blank\" rel=\"nofollow\">\n\t\t<img loading=\"lazy\" decoding=\"async\" width=\"105\" height=\"77\" src=\"https:\/\/www.hess-industriemontagen.de\/wp-content\/uploads\/logsites.png\" class=\"attachment-full size-full\" alt=\"\" \/>\n\t<\/a>\n\t<\/div><\/div>[\/vc_column][\/vc_row]<\/p>\n","protected":false},"excerpt":{"rendered":"<p>[vc_row css=&#8221;.vc_custom_1455400038320{margin-bottom: 45px !important;}&#8221;][vc_column width=&#8221;1\/3&#8243;][vc_empty_space height=&#8221;15px&#8221;][\/vc_column][vc_column width=&#8221;1\/3&#8243;][vc_empty_space height=&#8221;15px&#8221;][\/vc_column][vc_column width=&#8221;1\/3&#8243;][vc_empty_space height=&#8221;15px&#8221;][\/vc_column][\/vc_row][vc_row][vc_column][vc_empty_space height=&#8221;15px&#8221;][vc_column_text]Seit 30 Jahren sind wir Ihr starker Partner, wenn es um komplexe Dienstleistungen rund um die Industriemontage geht. Wir sind ein traditionsreiches Familienunternehmen mit Sitz in Kehl-Auenheim. Unsere Philosophie fu\u00dft auf den Grundwerten Flexibilit\u00e4t, Einsatzbereitschaft und Termintreue \u2013 und diese werden von unserem 16-k\u00f6pfigen Expertenteam [&hellip;]<\/p>\n","protected":false},"author":1,"featured_media":0,"parent":0,"menu_order":0,"comment_status":"closed","ping_status":"closed","template":"page-tpl_full_width.php","meta":{"footnotes":""},"class_list":["post-443","page","type-page","status-publish","hentry"],"yoast_head":"<!-- This site is optimized with the Yoast SEO plugin v25.7 - https:\/\/yoast.com\/wordpress\/plugins\/seo\/ -->\n<title>Home Page - He\u00df - Industriemontagen GmbH<\/title>\n<meta name=\"robots\" content=\"index, follow, max-snippet:-1, max-image-preview:large, max-video-preview:-1\" \/>\n<link rel=\"canonical\" href=\"https:\/\/www.hess-industriemontagen.de\/\" \/>\n<meta property=\"og:locale\" content=\"de_DE\" \/>\n<meta property=\"og:type\" content=\"article\" \/>\n<meta property=\"og:title\" content=\"Home Page - He\u00df - Industriemontagen GmbH\" \/>\n<meta property=\"og:description\" content=\"[vc_row css=&#8221;.vc_custom_1455400038320{margin-bottom: 45px !important;}&#8221;][vc_column width=&#8221;1\/3&#8243;][vc_empty_space height=&#8221;15px&#8221;][\/vc_column][vc_column width=&#8221;1\/3&#8243;][vc_empty_space height=&#8221;15px&#8221;][\/vc_column][vc_column width=&#8221;1\/3&#8243;][vc_empty_space height=&#8221;15px&#8221;][\/vc_column][\/vc_row][vc_row][vc_column][vc_empty_space height=&#8221;15px&#8221;][vc_column_text]Seit 30 Jahren sind wir Ihr starker Partner, wenn es um komplexe Dienstleistungen rund um die Industriemontage geht. Wir sind ein traditionsreiches Familienunternehmen mit Sitz in Kehl-Auenheim. Unsere Philosophie fu\u00dft auf den Grundwerten Flexibilit\u00e4t, Einsatzbereitschaft und Termintreue \u2013 und diese werden von unserem 16-k\u00f6pfigen Expertenteam [&hellip;]\" \/>\n<meta property=\"og:url\" content=\"https:\/\/www.hess-industriemontagen.de\/\" \/>\n<meta property=\"og:site_name\" content=\"He\u00df - Industriemontagen GmbH\" \/>\n<meta property=\"article:modified_time\" content=\"2025-08-12T13:53:22+00:00\" \/>\n<meta name=\"twitter:card\" content=\"summary_large_image\" \/>\n<meta name=\"twitter:label1\" content=\"Gesch\u00e4tzte Lesezeit\" \/>\n\t<meta name=\"twitter:data1\" content=\"2\u00a0Minuten\" \/>\n<script type=\"application\/ld+json\" class=\"yoast-schema-graph\">{\"@context\":\"https:\/\/schema.org\",\"@graph\":[{\"@type\":\"WebPage\",\"@id\":\"https:\/\/www.hess-industriemontagen.de\/\",\"url\":\"https:\/\/www.hess-industriemontagen.de\/\",\"name\":\"Home Page - He\u00df - Industriemontagen GmbH\",\"isPartOf\":{\"@id\":\"https:\/\/www.hess-industriemontagen.de\/#website\"},\"datePublished\":\"2016-02-13T12:41:04+00:00\",\"dateModified\":\"2025-08-12T13:53:22+00:00\",\"breadcrumb\":{\"@id\":\"https:\/\/www.hess-industriemontagen.de\/#breadcrumb\"},\"inLanguage\":\"de\",\"potentialAction\":[{\"@type\":\"ReadAction\",\"target\":[\"https:\/\/www.hess-industriemontagen.de\/\"]}]},{\"@type\":\"BreadcrumbList\",\"@id\":\"https:\/\/www.hess-industriemontagen.de\/#breadcrumb\",\"itemListElement\":[{\"@type\":\"ListItem\",\"position\":1,\"name\":\"Startseite\",\"item\":\"https:\/\/www.hess-industriemontagen.de\/\"},{\"@type\":\"ListItem\",\"position\":2,\"name\":\"Home Page\"}]},{\"@type\":\"WebSite\",\"@id\":\"https:\/\/www.hess-industriemontagen.de\/#website\",\"url\":\"https:\/\/www.hess-industriemontagen.de\/\",\"name\":\"He\u00df - Industriemontagen GmbH\",\"description\":\"\",\"publisher\":{\"@id\":\"https:\/\/www.hess-industriemontagen.de\/#organization\"},\"potentialAction\":[{\"@type\":\"SearchAction\",\"target\":{\"@type\":\"EntryPoint\",\"urlTemplate\":\"https:\/\/www.hess-industriemontagen.de\/?s={search_term_string}\"},\"query-input\":{\"@type\":\"PropertyValueSpecification\",\"valueRequired\":true,\"valueName\":\"search_term_string\"}}],\"inLanguage\":\"de\"},{\"@type\":\"Organization\",\"@id\":\"https:\/\/www.hess-industriemontagen.de\/#organization\",\"name\":\"He\u00df Industriemontagen GmbH\",\"url\":\"https:\/\/www.hess-industriemontagen.de\/\",\"logo\":{\"@type\":\"ImageObject\",\"inLanguage\":\"de\",\"@id\":\"https:\/\/www.hess-industriemontagen.de\/#\/schema\/logo\/image\/\",\"url\":\"https:\/\/www.hess-industriemontagen.de\/wp-content\/uploads\/2016\/04\/logo125-1.png\",\"contentUrl\":\"https:\/\/www.hess-industriemontagen.de\/wp-content\/uploads\/2016\/04\/logo125-1.png\",\"width\":147,\"height\":125,\"caption\":\"He\u00df Industriemontagen GmbH\"},\"image\":{\"@id\":\"https:\/\/www.hess-industriemontagen.de\/#\/schema\/logo\/image\/\"}}]}<\/script>\n<!-- \/ Yoast SEO plugin. -->","yoast_head_json":{"title":"Home Page - He\u00df - Industriemontagen GmbH","robots":{"index":"index","follow":"follow","max-snippet":"max-snippet:-1","max-image-preview":"max-image-preview:large","max-video-preview":"max-video-preview:-1"},"canonical":"https:\/\/www.hess-industriemontagen.de\/","og_locale":"de_DE","og_type":"article","og_title":"Home Page - He\u00df - Industriemontagen GmbH","og_description":"[vc_row css=&#8221;.vc_custom_1455400038320{margin-bottom: 45px !important;}&#8221;][vc_column width=&#8221;1\/3&#8243;][vc_empty_space height=&#8221;15px&#8221;][\/vc_column][vc_column width=&#8221;1\/3&#8243;][vc_empty_space height=&#8221;15px&#8221;][\/vc_column][vc_column width=&#8221;1\/3&#8243;][vc_empty_space height=&#8221;15px&#8221;][\/vc_column][\/vc_row][vc_row][vc_column][vc_empty_space height=&#8221;15px&#8221;][vc_column_text]Seit 30 Jahren sind wir Ihr starker Partner, wenn es um komplexe Dienstleistungen rund um die Industriemontage geht. Wir sind ein traditionsreiches Familienunternehmen mit Sitz in Kehl-Auenheim. Unsere Philosophie fu\u00dft auf den Grundwerten Flexibilit\u00e4t, Einsatzbereitschaft und Termintreue \u2013 und diese werden von unserem 16-k\u00f6pfigen Expertenteam [&hellip;]","og_url":"https:\/\/www.hess-industriemontagen.de\/","og_site_name":"He\u00df - Industriemontagen GmbH","article_modified_time":"2025-08-12T13:53:22+00:00","twitter_card":"summary_large_image","twitter_misc":{"Gesch\u00e4tzte Lesezeit":"2\u00a0Minuten"},"schema":{"@context":"https:\/\/schema.org","@graph":[{"@type":"WebPage","@id":"https:\/\/www.hess-industriemontagen.de\/","url":"https:\/\/www.hess-industriemontagen.de\/","name":"Home Page - He\u00df - Industriemontagen GmbH","isPartOf":{"@id":"https:\/\/www.hess-industriemontagen.de\/#website"},"datePublished":"2016-02-13T12:41:04+00:00","dateModified":"2025-08-12T13:53:22+00:00","breadcrumb":{"@id":"https:\/\/www.hess-industriemontagen.de\/#breadcrumb"},"inLanguage":"de","potentialAction":[{"@type":"ReadAction","target":["https:\/\/www.hess-industriemontagen.de\/"]}]},{"@type":"BreadcrumbList","@id":"https:\/\/www.hess-industriemontagen.de\/#breadcrumb","itemListElement":[{"@type":"ListItem","position":1,"name":"Startseite","item":"https:\/\/www.hess-industriemontagen.de\/"},{"@type":"ListItem","position":2,"name":"Home Page"}]},{"@type":"WebSite","@id":"https:\/\/www.hess-industriemontagen.de\/#website","url":"https:\/\/www.hess-industriemontagen.de\/","name":"He\u00df - Industriemontagen GmbH","description":"","publisher":{"@id":"https:\/\/www.hess-industriemontagen.de\/#organization"},"potentialAction":[{"@type":"SearchAction","target":{"@type":"EntryPoint","urlTemplate":"https:\/\/www.hess-industriemontagen.de\/?s={search_term_string}"},"query-input":{"@type":"PropertyValueSpecification","valueRequired":true,"valueName":"search_term_string"}}],"inLanguage":"de"},{"@type":"Organization","@id":"https:\/\/www.hess-industriemontagen.de\/#organization","name":"He\u00df Industriemontagen GmbH","url":"https:\/\/www.hess-industriemontagen.de\/","logo":{"@type":"ImageObject","inLanguage":"de","@id":"https:\/\/www.hess-industriemontagen.de\/#\/schema\/logo\/image\/","url":"https:\/\/www.hess-industriemontagen.de\/wp-content\/uploads\/2016\/04\/logo125-1.png","contentUrl":"https:\/\/www.hess-industriemontagen.de\/wp-content\/uploads\/2016\/04\/logo125-1.png","width":147,"height":125,"caption":"He\u00df Industriemontagen GmbH"},"image":{"@id":"https:\/\/www.hess-industriemontagen.de\/#\/schema\/logo\/image\/"}}]}},"_links":{"self":[{"href":"https:\/\/www.hess-industriemontagen.de\/index.php\/wp-json\/wp\/v2\/pages\/443","targetHints":{"allow":["GET"]}}],"collection":[{"href":"https:\/\/www.hess-industriemontagen.de\/index.php\/wp-json\/wp\/v2\/pages"}],"about":[{"href":"https:\/\/www.hess-industriemontagen.de\/index.php\/wp-json\/wp\/v2\/types\/page"}],"author":[{"embeddable":true,"href":"https:\/\/www.hess-industriemontagen.de\/index.php\/wp-json\/wp\/v2\/users\/1"}],"replies":[{"embeddable":true,"href":"https:\/\/www.hess-industriemontagen.de\/index.php\/wp-json\/wp\/v2\/comments?post=443"}],"version-history":[{"count":13,"href":"https:\/\/www.hess-industriemontagen.de\/index.php\/wp-json\/wp\/v2\/pages\/443\/revisions"}],"predecessor-version":[{"id":1500,"href":"https:\/\/www.hess-industriemontagen.de\/index.php\/wp-json\/wp\/v2\/pages\/443\/revisions\/1500"}],"wp:attachment":[{"href":"https:\/\/www.hess-industriemontagen.de\/index.php\/wp-json\/wp\/v2\/media?parent=443"}],"curies":[{"name":"wp","href":"https:\/\/api.w.org\/{rel}","templated":true}]}}